{"id":268,"date":"2025-05-09T16:01:35","date_gmt":"2025-05-09T14:01:35","guid":{"rendered":"https:\/\/vinclespsicologia.cat\/la-nostra-metodologia\/"},"modified":"2025-05-12T12:58:23","modified_gmt":"2025-05-12T10:58:23","slug":"nuestra-metodologia","status":"publish","type":"page","link":"https:\/\/vinclespsicologia.cat\/es\/vincles\/nuestra-metodologia\/","title":{"rendered":"Nuestra metodolog\u00eda"},"content":{"rendered":"<style>.kb-row-layout-id268_6fd11a-00 > .kt-row-column-wrap{align-content:start;}:where(.kb-row-layout-id268_6fd11a-00 > .kt-row-column-wrap) > .wp-block-kadence-column{justify-content:start;}.kb-row-layout-id268_6fd11a-00 > .kt-row-column-wrap{column-gap:var(--global-kb-gap-md, 2rem);row-gap:var(--global-kb-gap-md, 2rem);max-width:var( --global-content-width, 1290px );padding-left:var(--global-content-edge-padding);padding-right:var(--global-content-edge-padding);padding-top:var(--global-kb-spacing-sm, 1.5rem);padding-bottom:var(--global-kb-spacing-sm, 1.5rem);grid-template-columns:minmax(0, calc(35% - ((var(--global-kb-gap-md, 2rem) * 1 )\/2)))minmax(0, calc(65% - ((var(--global-kb-gap-md, 2rem) * 1 )\/2)));}.kb-row-layout-id268_6fd11a-00 > .kt-row-layout-overlay{opacity:0.30;}@media all and (max-width: 1024px){.kb-row-layout-id268_6fd11a-00 > .kt-row-column-wrap{grid-template-columns:minmax(0, 1fr) minmax(0, 2fr);}}@media all and (max-width: 767px){.kb-row-layout-id268_6fd11a-00 > .kt-row-column-wrap{grid-template-columns:minmax(0, 1fr);}}<\/style><div class=\"kb-row-layout-wrap kb-row-layout-id268_6fd11a-00 alignfull wp-block-kadence-rowlayout\"><div class=\"kt-row-column-wrap kt-has-2-columns kt-row-layout-right-golden kt-tab-layout-inherit kt-mobile-layout-row kt-row-valign-top kb-theme-content-width\">\n<style>.kadence-column268_51c908-8b > .kt-inside-inner-col,.kadence-column268_51c908-8b > .kt-inside-inner-col:before{border-top-left-radius:0px;border-top-right-radius:0px;border-bottom-right-radius:0px;border-bottom-left-radius:0px;}.kadence-column268_51c908-8b > .kt-inside-inner-col{column-gap:var(--global-kb-gap-sm, 1rem);}.kadence-column268_51c908-8b > .kt-inside-inner-col{flex-direction:column;}.kadence-column268_51c908-8b > .kt-inside-inner-col > .aligncenter{width:100%;}.kadence-column268_51c908-8b > .kt-inside-inner-col:before{opacity:0.3;}.kadence-column268_51c908-8b{position:relative;}@media all and (max-width: 1024px){.kadence-column268_51c908-8b > .kt-inside-inner-col{flex-direction:column;justify-content:center;}}@media all and (max-width: 767px){.kadence-column268_51c908-8b > .kt-inside-inner-col{flex-direction:column;justify-content:center;}}<\/style>\n<div class=\"wp-block-kadence-column kadence-column268_51c908-8b\"><div class=\"kt-inside-inner-col\"><style>.kb-image268_330024-31 .kb-image-has-overlay:after{opacity:0.3;}.kb-image268_330024-31 img.kb-img, .kb-image268_330024-31 .kb-img img{-webkit-mask-image:url(https:\/\/vinclespsicologia.cat\/wp-content\/plugins\/kadence-blocks\/includes\/assets\/images\/masks\/circle.svg);mask-image:url(https:\/\/vinclespsicologia.cat\/wp-content\/plugins\/kadence-blocks\/includes\/assets\/images\/masks\/circle.svg);-webkit-mask-size:auto;mask-size:auto;-webkit-mask-repeat:no-repeat;mask-repeat:no-repeat;-webkit-mask-position:center;mask-position:center;}<\/style>\n<figure class=\"wp-block-kadence-image kb-image268_330024-31\"><img loading=\"lazy\" decoding=\"async\" width=\"454\" height=\"454\" src=\"https:\/\/vinclespsicologia.cat\/wp-content\/uploads\/Metodologia.png\" alt=\"\" class=\"kb-img wp-image-140\" srcset=\"https:\/\/vinclespsicologia.cat\/wp-content\/uploads\/Metodologia.png 454w, https:\/\/vinclespsicologia.cat\/wp-content\/uploads\/Metodologia-300x300.png 300w, https:\/\/vinclespsicologia.cat\/wp-content\/uploads\/Metodologia-150x150.png 150w\" sizes=\"auto, (max-width: 454px) 100vw, 454px\" \/><\/figure>\n<\/div><\/div>\n\n\n<style>.kadence-column268_480ad3-c7 > .kt-inside-inner-col,.kadence-column268_480ad3-c7 > .kt-inside-inner-col:before{border-top-left-radius:0px;border-top-right-radius:0px;border-bottom-right-radius:0px;border-bottom-left-radius:0px;}.kadence-column268_480ad3-c7 > .kt-inside-inner-col{column-gap:var(--global-kb-gap-sm, 1rem);}.kadence-column268_480ad3-c7 > .kt-inside-inner-col{flex-direction:column;}.kadence-column268_480ad3-c7 > .kt-inside-inner-col > .aligncenter{width:100%;}.kadence-column268_480ad3-c7 > .kt-inside-inner-col:before{opacity:0.3;}.kadence-column268_480ad3-c7{position:relative;}@media all and (max-width: 1024px){.kadence-column268_480ad3-c7 > .kt-inside-inner-col{flex-direction:column;justify-content:center;}}@media all and (max-width: 767px){.kadence-column268_480ad3-c7 > .kt-inside-inner-col{flex-direction:column;justify-content:center;}}<\/style>\n<div class=\"wp-block-kadence-column kadence-column268_480ad3-c7\"><div class=\"kt-inside-inner-col\"><style>.wp-block-kadence-advancedheading.kt-adv-heading268_2ba72d-ea, .wp-block-kadence-advancedheading.kt-adv-heading268_2ba72d-ea[data-kb-block=\"kb-adv-heading268_2ba72d-ea\"]{font-size:3rem;line-height:3.2rem;font-style:normal;}.wp-block-kadence-advancedheading.kt-adv-heading268_2ba72d-ea mark.kt-highlight, .wp-block-kadence-advancedheading.kt-adv-heading268_2ba72d-ea[data-kb-block=\"kb-adv-heading268_2ba72d-ea\"] mark.kt-highlight{font-style:normal;color:#f76a0c;-webkit-box-decoration-break:clone;box-decoration-break:clone;padding-top:0px;padding-right:0px;padding-bottom:0px;padding-left:0px;}.wp-block-kadence-advancedheading.kt-adv-heading268_2ba72d-ea img.kb-inline-image, .wp-block-kadence-advancedheading.kt-adv-heading268_2ba72d-ea[data-kb-block=\"kb-adv-heading268_2ba72d-ea\"] img.kb-inline-image{width:150px;vertical-align:baseline;}<\/style>\n<p class=\"kt-adv-heading268_2ba72d-ea wp-block-kadence-advancedheading\" data-kb-block=\"kb-adv-heading268_2ba72d-ea\"><em>An\u00e1lisis, comprensi\u00f3n y estabilizaci\u00f3n<\/em><\/p>\n\n\n<style>.wp-block-kadence-advancedheading.kt-adv-heading268_7c6bc5-3f, .wp-block-kadence-advancedheading.kt-adv-heading268_7c6bc5-3f[data-kb-block=\"kb-adv-heading268_7c6bc5-3f\"]{font-size:1.8rem;line-height:2.1rem;font-style:normal;}.wp-block-kadence-advancedheading.kt-adv-heading268_7c6bc5-3f mark.kt-highlight, .wp-block-kadence-advancedheading.kt-adv-heading268_7c6bc5-3f[data-kb-block=\"kb-adv-heading268_7c6bc5-3f\"] mark.kt-highlight{font-style:normal;color:#f76a0c;-webkit-box-decoration-break:clone;box-decoration-break:clone;padding-top:0px;padding-right:0px;padding-bottom:0px;padding-left:0px;}.wp-block-kadence-advancedheading.kt-adv-heading268_7c6bc5-3f img.kb-inline-image, .wp-block-kadence-advancedheading.kt-adv-heading268_7c6bc5-3f[data-kb-block=\"kb-adv-heading268_7c6bc5-3f\"] img.kb-inline-image{width:150px;vertical-align:baseline;}<\/style>\n<p class=\"kt-adv-heading268_7c6bc5-3f wp-block-kadence-advancedheading has-theme-palette-2-color has-text-color\" data-kb-block=\"kb-adv-heading268_7c6bc5-3f\"><em><em>Desde un enfoque b\u00e1sicamente sist\u00e9mico, ayudamos a construir y explicar el significado del s\u00edntoma para que \u00e9ste remita y restaurar el bienestar de la persona.<\/em><\/em><\/p>\n\n\n\n<p>Ofrecemos a los pacientes un espacio donde hablar y ser escuchados; proporcionamos la informaci\u00f3n necesaria ante las dudas que nos presentan; y acompa\u00f1amos en el proceso de resoluci\u00f3n de la problem\u00e1tica \/ motivo de consulta. Nos llamamos VINCLES porque sabemos que la proximidad, la discreci\u00f3n y el compromiso con los pacientes son la base del \u00e9xito de una terapia. En palabras de Hip\u00f3crates, \u201cuna relaci\u00f3n beneficiosa entre las dos partes, supone una gran fuerza potencial en el proceso curativo\u201d.<\/p>\n\n\n\n<p><strong>Proceso de psicoterapia<\/strong><\/p>\n\n\n\n<p><strong>1. Frecuencia y tiempo de duraci\u00f3n<br><\/strong><br>La duraci\u00f3n aproximada de las sesiones es de 50-60 minutos. La frecuencia de \u00e9stas se pactar\u00e1 con el terapeuta en funci\u00f3n del trabajo a realizar. En un estadio inicial recomendamos una frecuencia semanal \/ quincenal para empezar a trabajar con el s\u00edntoma, estabilizar e iniciar el trabajo terap\u00e9utico.<\/p>\n\n\n\n<p><strong>2. Estructura de las sesiones<br><\/strong><br><strong>1\u00ba: Sesiones de evaluaci\u00f3n.<\/strong><br>Se hace la recogida exhaustiva del problema o motivo de consulta. Se devuelve la informaci\u00f3n recibida haciendo un an\u00e1lisis y se define la demanda. Se fijan los objetivos comunes.<br><strong>2\u00ba: Sesiones de psicoterapia o tratamiento.<\/strong><br>Es el grueso del proceso en el que se analiza y se comprende la problem\u00e1tica, se recogen datos del pasado, de la familia de origen y de la situaci\u00f3n actual, y se ense\u00f1an y aplican estrategias y t\u00e9cnicas para que la persona las vaya interiorizando y progrese.<br><strong>3\u00ba: Seguimiento y finalizaci\u00f3n.<\/strong><br>Se espacian las visitas y se entrena en prevenci\u00f3n de reca\u00eddas. Se finaliza la terapia cuando ambas partes lo consideran oportuno, teniendo en cuenta la constataci\u00f3n por parte del paciente de la desaparici\u00f3n de los s\u00edntomas y la recuperaci\u00f3n del equilibrio de su situaci\u00f3n personal. En ocasiones, se pacta un seguimiento, en el que se espacian las sesiones para permitir evaluar el mantenimiento de la estabilidad en el tiempo.<\/p>\n\n\n\n<p><strong>3. Estrategias psicoterap\u00e9uticas y t\u00e9cnicas psicol\u00f3gicas<\/strong><\/p>\n\n\n\n<p>Estamos especializadas en psicolog\u00eda cl\u00ednica. En Vincles trabajamos fundamentalmente con la terapia sist\u00e9mica, cognitivo-conductual, y constructivista, aunque en ocasiones tambi\u00e9n podemos emplear t\u00e9cnicas de otras orientaciones.<\/p>\n\n\n\n<p><strong>Algunas caracter\u00edsticas de nuestro trabajo de psicoterapia<br><\/strong><br><strong>Desde un enfoque b\u00e1sicamente sist\u00e9mico,<\/strong>&nbsp;ayudamos a construir y explicar el significado del s\u00edntoma poniendo los focos de intervenci\u00f3n en el sistema familiar.<\/p>\n\n\n\n<p><strong>El s\u00edntoma es el indicador de que algo no funciona.<\/strong>&nbsp;La terapia ayuda a remitir el s\u00edntoma, pero tambi\u00e9n a entender y trabajar con las causas que lo provocan para evitar que este se reproduzca o que surjan otros nuevos. Desde la terapia sist\u00e9mica, el origen de los s\u00edntomas se sit\u00faa en ciertas din\u00e1micas disfuncionales que se producen en el seno de la familia.<\/p>\n\n\n\n<p><strong>El pasado es importante en la medida que nos conecta con el presente.<\/strong>&nbsp;Nos interesamos por c\u00f3mo los problemas se manifiestan en el presente y utilizamos el contexto de la vida actual de los pacientes para resolverlos. Asimismo, la revisi\u00f3n del pasado nos permite darle nuevas lecturas, cicatrizar heridas y dibujar la identidad actual de la persona, para facilitar el entendimiento y curaci\u00f3n del s\u00edntoma.<\/p>\n\n\n\n<p><strong>Trabajamos con la forma de relacionarnos con el mundo y de vivir.<\/strong>&nbsp;No se trata de cambiar al resto de personas o el mundo, sino de ver c\u00f3mo se desactivan din\u00e1micas t\u00f3xicas que provocan malestar. As\u00ed pues, intervenimos sobre la interacci\u00f3n del paciente con su entorno y trabajamos los estilos y patrones relacionales de la persona, para mejorarlos.<\/p>\n\n\n\n<p><strong>Los pacientes tienen un rol activo<\/strong>, colaboran en la definici\u00f3n del problema y el objetivo de terapia. Las sesiones son flexibles, los pacientes pueden plantear dificultades concretas a trabajar y les ense\u00f1amos habilidades para su resoluci\u00f3n.<\/p>\n<\/div><\/div>\n\n<\/div><\/div>","protected":false},"excerpt":{"rendered":"<p>An\u00e1lisis, comprensi\u00f3n y estabilizaci\u00f3n Desde un enfoque b\u00e1sicamente sist\u00e9mico, ayudamos a construir y explicar el significado del s\u00edntoma para que \u00e9ste remita y restaurar el bienestar de la persona. Ofrecemos a los pacientes un espacio donde hablar y ser escuchados; proporcionamos la informaci\u00f3n necesaria ante las dudas que nos presentan; y acompa\u00f1amos en el proceso&#8230;<\/p>\n","protected":false},"author":1,"featured_media":0,"parent":270,"menu_order":0,"comment_status":"closed","ping_status":"closed","template":"","meta":{"_kad_post_transparent":"","_kad_post_title":"default","_kad_post_layout":"","_kad_post_sidebar_id":"","_kad_post_content_style":"","_kad_post_vertical_padding":"","_kad_post_feature":"","_kad_post_feature_position":"","_kad_post_header":false,"_kad_post_footer":false,"_kad_post_classname":"","footnotes":""},"class_list":["post-268","page","type-page","status-publish","hentry"],"yoast_head":"<!-- This site is optimized with the Yoast SEO plugin v27.4 - https:\/\/yoast.com\/product\/yoast-seo-wordpress\/ -->\n<title>Metodolog\u00eda Vincles Psicolog\u00eda<\/title>\n<meta name=\"description\" content=\"Nos llamamos VINCLES porque sabemos que la proximidad, la discreci\u00f3n y el compromiso con los pacientes son la base del \u00e9xito de una terapia\" \/>\n<meta name=\"robots\" content=\"index, follow, max-snippet:-1, max-image-preview:large, max-video-preview:-1\" \/>\n<link rel=\"canonical\" href=\"https:\/\/vinclespsicologia.cat\/es\/vincles\/nuestra-metodologia\/\" \/>\n<meta property=\"og:locale\" content=\"es_ES\" \/>\n<meta property=\"og:type\" content=\"article\" \/>\n<meta property=\"og:title\" content=\"Metodolog\u00eda Vincles Psicolog\u00eda\" \/>\n<meta property=\"og:description\" content=\"Nos llamamos VINCLES porque sabemos que la proximidad, la discreci\u00f3n y el compromiso con los pacientes son la base del \u00e9xito de una terapia\" \/>\n<meta property=\"og:url\" content=\"https:\/\/vinclespsicologia.cat\/es\/vincles\/nuestra-metodologia\/\" \/>\n<meta property=\"og:site_name\" content=\"Vincles Psicologia\" \/>\n<meta property=\"article:modified_time\" content=\"2025-05-12T10:58:23+00:00\" \/>\n<meta property=\"og:image\" content=\"https:\/\/vinclespsicologia.cat\/wp-content\/uploads\/Metodologia.png\" \/>\n\t<meta property=\"og:image:width\" content=\"454\" \/>\n\t<meta property=\"og:image:height\" content=\"454\" \/>\n\t<meta property=\"og:image:type\" content=\"image\/png\" \/>\n<meta name=\"twitter:card\" content=\"summary_large_image\" \/>\n<meta name=\"twitter:label1\" content=\"Tiempo de lectura\" \/>\n\t<meta name=\"twitter:data1\" content=\"3 minutos\" \/>\n<script type=\"application\/ld+json\" class=\"yoast-schema-graph\">{\"@context\":\"https:\\\/\\\/schema.org\",\"@graph\":[{\"@type\":\"WebPage\",\"@id\":\"https:\\\/\\\/vinclespsicologia.cat\\\/es\\\/vincles\\\/nuestra-metodologia\\\/\",\"url\":\"https:\\\/\\\/vinclespsicologia.cat\\\/es\\\/vincles\\\/nuestra-metodologia\\\/\",\"name\":\"Metodolog\u00eda Vincles Psicolog\u00eda\",\"isPartOf\":{\"@id\":\"https:\\\/\\\/vinclespsicologia.cat\\\/#website\"},\"primaryImageOfPage\":{\"@id\":\"https:\\\/\\\/vinclespsicologia.cat\\\/es\\\/vincles\\\/nuestra-metodologia\\\/#primaryimage\"},\"image\":{\"@id\":\"https:\\\/\\\/vinclespsicologia.cat\\\/es\\\/vincles\\\/nuestra-metodologia\\\/#primaryimage\"},\"thumbnailUrl\":\"https:\\\/\\\/vinclespsicologia.cat\\\/wp-content\\\/uploads\\\/Metodologia.png\",\"datePublished\":\"2025-05-09T14:01:35+00:00\",\"dateModified\":\"2025-05-12T10:58:23+00:00\",\"description\":\"Nos llamamos VINCLES porque sabemos que la proximidad, la discreci\u00f3n y el compromiso con los pacientes son la base del \u00e9xito de una terapia\",\"breadcrumb\":{\"@id\":\"https:\\\/\\\/vinclespsicologia.cat\\\/es\\\/vincles\\\/nuestra-metodologia\\\/#breadcrumb\"},\"inLanguage\":\"es\",\"potentialAction\":[{\"@type\":\"ReadAction\",\"target\":[\"https:\\\/\\\/vinclespsicologia.cat\\\/es\\\/vincles\\\/nuestra-metodologia\\\/\"]}]},{\"@type\":\"ImageObject\",\"inLanguage\":\"es\",\"@id\":\"https:\\\/\\\/vinclespsicologia.cat\\\/es\\\/vincles\\\/nuestra-metodologia\\\/#primaryimage\",\"url\":\"https:\\\/\\\/vinclespsicologia.cat\\\/wp-content\\\/uploads\\\/Metodologia.png\",\"contentUrl\":\"https:\\\/\\\/vinclespsicologia.cat\\\/wp-content\\\/uploads\\\/Metodologia.png\"},{\"@type\":\"BreadcrumbList\",\"@id\":\"https:\\\/\\\/vinclespsicologia.cat\\\/es\\\/vincles\\\/nuestra-metodologia\\\/#breadcrumb\",\"itemListElement\":[{\"@type\":\"ListItem\",\"position\":1,\"name\":\"Inici\",\"item\":\"https:\\\/\\\/vinclespsicologia.cat\\\/es\\\/\"},{\"@type\":\"ListItem\",\"position\":2,\"name\":\"Vincles Psicologia\",\"item\":\"https:\\\/\\\/vinclespsicologia.cat\\\/es\\\/\"},{\"@type\":\"ListItem\",\"position\":3,\"name\":\"Nuestra metodolog\u00eda\"}]},{\"@type\":\"WebSite\",\"@id\":\"https:\\\/\\\/vinclespsicologia.cat\\\/#website\",\"url\":\"https:\\\/\\\/vinclespsicologia.cat\\\/\",\"name\":\"Vincles Psicologia\",\"description\":\"Parlar de psicoter\u00e0pia \u00e9s parlar de Vincles\",\"publisher\":{\"@id\":\"https:\\\/\\\/vinclespsicologia.cat\\\/#organization\"},\"potentialAction\":[{\"@type\":\"SearchAction\",\"target\":{\"@type\":\"EntryPoint\",\"urlTemplate\":\"https:\\\/\\\/vinclespsicologia.cat\\\/?s={search_term_string}\"},\"query-input\":{\"@type\":\"PropertyValueSpecification\",\"valueRequired\":true,\"valueName\":\"search_term_string\"}}],\"inLanguage\":\"es\"},{\"@type\":\"Organization\",\"@id\":\"https:\\\/\\\/vinclespsicologia.cat\\\/#organization\",\"name\":\"Vincles Psicologia\",\"url\":\"https:\\\/\\\/vinclespsicologia.cat\\\/\",\"logo\":{\"@type\":\"ImageObject\",\"inLanguage\":\"es\",\"@id\":\"https:\\\/\\\/vinclespsicologia.cat\\\/#\\\/schema\\\/logo\\\/image\\\/\",\"url\":\"https:\\\/\\\/vinclespsicologia.cat\\\/wp-content\\\/uploads\\\/logo.jpg\",\"contentUrl\":\"https:\\\/\\\/vinclespsicologia.cat\\\/wp-content\\\/uploads\\\/logo.jpg\",\"width\":297,\"height\":130,\"caption\":\"Vincles Psicologia\"},\"image\":{\"@id\":\"https:\\\/\\\/vinclespsicologia.cat\\\/#\\\/schema\\\/logo\\\/image\\\/\"}}]}<\/script>\n<!-- \/ Yoast SEO plugin. -->","yoast_head_json":{"title":"Metodolog\u00eda Vincles Psicolog\u00eda","description":"Nos llamamos VINCLES porque sabemos que la proximidad, la discreci\u00f3n y el compromiso con los pacientes son la base del \u00e9xito de una terapia","robots":{"index":"index","follow":"follow","max-snippet":"max-snippet:-1","max-image-preview":"max-image-preview:large","max-video-preview":"max-video-preview:-1"},"canonical":"https:\/\/vinclespsicologia.cat\/es\/vincles\/nuestra-metodologia\/","og_locale":"es_ES","og_type":"article","og_title":"Metodolog\u00eda Vincles Psicolog\u00eda","og_description":"Nos llamamos VINCLES porque sabemos que la proximidad, la discreci\u00f3n y el compromiso con los pacientes son la base del \u00e9xito de una terapia","og_url":"https:\/\/vinclespsicologia.cat\/es\/vincles\/nuestra-metodologia\/","og_site_name":"Vincles Psicologia","article_modified_time":"2025-05-12T10:58:23+00:00","og_image":[{"width":454,"height":454,"url":"https:\/\/vinclespsicologia.cat\/wp-content\/uploads\/Metodologia.png","type":"image\/png"}],"twitter_card":"summary_large_image","twitter_misc":{"Tiempo de lectura":"3 minutos"},"schema":{"@context":"https:\/\/schema.org","@graph":[{"@type":"WebPage","@id":"https:\/\/vinclespsicologia.cat\/es\/vincles\/nuestra-metodologia\/","url":"https:\/\/vinclespsicologia.cat\/es\/vincles\/nuestra-metodologia\/","name":"Metodolog\u00eda Vincles Psicolog\u00eda","isPartOf":{"@id":"https:\/\/vinclespsicologia.cat\/#website"},"primaryImageOfPage":{"@id":"https:\/\/vinclespsicologia.cat\/es\/vincles\/nuestra-metodologia\/#primaryimage"},"image":{"@id":"https:\/\/vinclespsicologia.cat\/es\/vincles\/nuestra-metodologia\/#primaryimage"},"thumbnailUrl":"https:\/\/vinclespsicologia.cat\/wp-content\/uploads\/Metodologia.png","datePublished":"2025-05-09T14:01:35+00:00","dateModified":"2025-05-12T10:58:23+00:00","description":"Nos llamamos VINCLES porque sabemos que la proximidad, la discreci\u00f3n y el compromiso con los pacientes son la base del \u00e9xito de una terapia","breadcrumb":{"@id":"https:\/\/vinclespsicologia.cat\/es\/vincles\/nuestra-metodologia\/#breadcrumb"},"inLanguage":"es","potentialAction":[{"@type":"ReadAction","target":["https:\/\/vinclespsicologia.cat\/es\/vincles\/nuestra-metodologia\/"]}]},{"@type":"ImageObject","inLanguage":"es","@id":"https:\/\/vinclespsicologia.cat\/es\/vincles\/nuestra-metodologia\/#primaryimage","url":"https:\/\/vinclespsicologia.cat\/wp-content\/uploads\/Metodologia.png","contentUrl":"https:\/\/vinclespsicologia.cat\/wp-content\/uploads\/Metodologia.png"},{"@type":"BreadcrumbList","@id":"https:\/\/vinclespsicologia.cat\/es\/vincles\/nuestra-metodologia\/#breadcrumb","itemListElement":[{"@type":"ListItem","position":1,"name":"Inici","item":"https:\/\/vinclespsicologia.cat\/es\/"},{"@type":"ListItem","position":2,"name":"Vincles Psicologia","item":"https:\/\/vinclespsicologia.cat\/es\/"},{"@type":"ListItem","position":3,"name":"Nuestra metodolog\u00eda"}]},{"@type":"WebSite","@id":"https:\/\/vinclespsicologia.cat\/#website","url":"https:\/\/vinclespsicologia.cat\/","name":"Vincles Psicologia","description":"Parlar de psicoter\u00e0pia \u00e9s parlar de Vincles","publisher":{"@id":"https:\/\/vinclespsicologia.cat\/#organization"},"potentialAction":[{"@type":"SearchAction","target":{"@type":"EntryPoint","urlTemplate":"https:\/\/vinclespsicologia.cat\/?s={search_term_string}"},"query-input":{"@type":"PropertyValueSpecification","valueRequired":true,"valueName":"search_term_string"}}],"inLanguage":"es"},{"@type":"Organization","@id":"https:\/\/vinclespsicologia.cat\/#organization","name":"Vincles Psicologia","url":"https:\/\/vinclespsicologia.cat\/","logo":{"@type":"ImageObject","inLanguage":"es","@id":"https:\/\/vinclespsicologia.cat\/#\/schema\/logo\/image\/","url":"https:\/\/vinclespsicologia.cat\/wp-content\/uploads\/logo.jpg","contentUrl":"https:\/\/vinclespsicologia.cat\/wp-content\/uploads\/logo.jpg","width":297,"height":130,"caption":"Vincles Psicologia"},"image":{"@id":"https:\/\/vinclespsicologia.cat\/#\/schema\/logo\/image\/"}}]}},"_links":{"self":[{"href":"https:\/\/vinclespsicologia.cat\/es\/wp-json\/wp\/v2\/pages\/268","targetHints":{"allow":["GET"]}}],"collection":[{"href":"https:\/\/vinclespsicologia.cat\/es\/wp-json\/wp\/v2\/pages"}],"about":[{"href":"https:\/\/vinclespsicologia.cat\/es\/wp-json\/wp\/v2\/types\/page"}],"author":[{"embeddable":true,"href":"https:\/\/vinclespsicologia.cat\/es\/wp-json\/wp\/v2\/users\/1"}],"replies":[{"embeddable":true,"href":"https:\/\/vinclespsicologia.cat\/es\/wp-json\/wp\/v2\/comments?post=268"}],"version-history":[{"count":0,"href":"https:\/\/vinclespsicologia.cat\/es\/wp-json\/wp\/v2\/pages\/268\/revisions"}],"up":[{"embeddable":true,"href":"https:\/\/vinclespsicologia.cat\/es\/wp-json\/wp\/v2\/pages\/270"}],"wp:attachment":[{"href":"https:\/\/vinclespsicologia.cat\/es\/wp-json\/wp\/v2\/media?parent=268"}],"curies":[{"name":"wp","href":"https:\/\/api.w.org\/{rel}","templated":true}]}}