{"id":262,"date":"2025-05-09T16:03:15","date_gmt":"2025-05-09T14:03:15","guid":{"rendered":"https:\/\/vinclespsicologia.cat\/assessorament-a-pares\/"},"modified":"2025-05-10T16:51:31","modified_gmt":"2025-05-10T14:51:31","slug":"asesoramiento-a-padres","status":"publish","type":"page","link":"https:\/\/vinclespsicologia.cat\/es\/asesoramiento-a-padres\/","title":{"rendered":"Asesoramiento a padres"},"content":{"rendered":"<style>.kb-row-layout-id262_663954-6a > .kt-row-column-wrap{align-content:start;}:where(.kb-row-layout-id262_663954-6a > .kt-row-column-wrap) > .wp-block-kadence-column{justify-content:start;}.kb-row-layout-id262_663954-6a > .kt-row-column-wrap{column-gap:var(--global-kb-gap-md, 2rem);row-gap:var(--global-kb-gap-md, 2rem);max-width:var( --global-content-width, 1290px );padding-left:var(--global-content-edge-padding);padding-right:var(--global-content-edge-padding);padding-top:var(--global-kb-spacing-sm, 1.5rem);padding-bottom:var(--global-kb-spacing-sm, 1.5rem);grid-template-columns:minmax(0, calc(35% - ((var(--global-kb-gap-md, 2rem) * 1 )\/2)))minmax(0, calc(65% - ((var(--global-kb-gap-md, 2rem) * 1 )\/2)));}.kb-row-layout-id262_663954-6a > .kt-row-layout-overlay{opacity:0.30;}@media all and (max-width: 1024px){.kb-row-layout-id262_663954-6a > .kt-row-column-wrap{grid-template-columns:minmax(0, 1fr) minmax(0, 2fr);}}@media all and (max-width: 767px){.kb-row-layout-id262_663954-6a > .kt-row-column-wrap{grid-template-columns:minmax(0, 1fr);}}<\/style><div class=\"kb-row-layout-wrap kb-row-layout-id262_663954-6a alignfull wp-block-kadence-rowlayout\"><div class=\"kt-row-column-wrap kt-has-2-columns kt-row-layout-right-golden kt-tab-layout-inherit kt-mobile-layout-row kt-row-valign-top kb-theme-content-width\">\n<style>.kadence-column262_0b0141-cd > .kt-inside-inner-col,.kadence-column262_0b0141-cd > .kt-inside-inner-col:before{border-top-left-radius:0px;border-top-right-radius:0px;border-bottom-right-radius:0px;border-bottom-left-radius:0px;}.kadence-column262_0b0141-cd > .kt-inside-inner-col{column-gap:var(--global-kb-gap-sm, 1rem);}.kadence-column262_0b0141-cd > .kt-inside-inner-col{flex-direction:column;}.kadence-column262_0b0141-cd > .kt-inside-inner-col > .aligncenter{width:100%;}.kadence-column262_0b0141-cd > .kt-inside-inner-col:before{opacity:0.3;}.kadence-column262_0b0141-cd{position:relative;}@media all and (max-width: 1024px){.kadence-column262_0b0141-cd > .kt-inside-inner-col{flex-direction:column;justify-content:center;}}@media all and (max-width: 767px){.kadence-column262_0b0141-cd > .kt-inside-inner-col{flex-direction:column;justify-content:center;}}<\/style>\n<div class=\"wp-block-kadence-column kadence-column262_0b0141-cd\"><div class=\"kt-inside-inner-col\"><style>.kb-image262_752b49-26 .kb-image-has-overlay:after{opacity:0.3;}.kb-image262_752b49-26 img.kb-img, .kb-image262_752b49-26 .kb-img img{-webkit-mask-image:url(https:\/\/vinclespsicologia.cat\/wp-content\/plugins\/kadence-blocks\/includes\/assets\/images\/masks\/circle.svg);mask-image:url(https:\/\/vinclespsicologia.cat\/wp-content\/plugins\/kadence-blocks\/includes\/assets\/images\/masks\/circle.svg);-webkit-mask-size:auto;mask-size:auto;-webkit-mask-repeat:no-repeat;mask-repeat:no-repeat;-webkit-mask-position:center;mask-position:center;}<\/style>\n<div class=\"wp-block-kadence-image kb-image262_752b49-26\"><figure class=\"aligncenter\"><img loading=\"lazy\" decoding=\"async\" width=\"258\" height=\"258\" src=\"https:\/\/vinclespsicologia.cat\/wp-content\/uploads\/AsesoramientoPadres.jpg\" alt=\"\" class=\"kb-img wp-image-196\" srcset=\"https:\/\/vinclespsicologia.cat\/wp-content\/uploads\/AsesoramientoPadres.jpg 258w, https:\/\/vinclespsicologia.cat\/wp-content\/uploads\/AsesoramientoPadres-150x150.jpg 150w\" sizes=\"auto, (max-width: 258px) 100vw, 258px\" \/><\/figure><\/div>\n<\/div><\/div>\n\n\n<style>.kadence-column262_78dc04-74 > .kt-inside-inner-col,.kadence-column262_78dc04-74 > .kt-inside-inner-col:before{border-top-left-radius:0px;border-top-right-radius:0px;border-bottom-right-radius:0px;border-bottom-left-radius:0px;}.kadence-column262_78dc04-74 > .kt-inside-inner-col{column-gap:var(--global-kb-gap-sm, 1rem);}.kadence-column262_78dc04-74 > .kt-inside-inner-col{flex-direction:column;}.kadence-column262_78dc04-74 > .kt-inside-inner-col > .aligncenter{width:100%;}.kadence-column262_78dc04-74 > .kt-inside-inner-col:before{opacity:0.3;}.kadence-column262_78dc04-74{position:relative;}@media all and (max-width: 1024px){.kadence-column262_78dc04-74 > .kt-inside-inner-col{flex-direction:column;justify-content:center;}}@media all and (max-width: 767px){.kadence-column262_78dc04-74 > .kt-inside-inner-col{flex-direction:column;justify-content:center;}}<\/style>\n<div class=\"wp-block-kadence-column kadence-column262_78dc04-74\"><div class=\"kt-inside-inner-col\"><style>.wp-block-kadence-advancedheading.kt-adv-heading262_69cdf8-46, .wp-block-kadence-advancedheading.kt-adv-heading262_69cdf8-46[data-kb-block=\"kb-adv-heading262_69cdf8-46\"]{font-size:3rem;line-height:3.2rem;font-style:normal;}.wp-block-kadence-advancedheading.kt-adv-heading262_69cdf8-46 mark.kt-highlight, .wp-block-kadence-advancedheading.kt-adv-heading262_69cdf8-46[data-kb-block=\"kb-adv-heading262_69cdf8-46\"] mark.kt-highlight{font-style:normal;color:#f76a0c;-webkit-box-decoration-break:clone;box-decoration-break:clone;padding-top:0px;padding-right:0px;padding-bottom:0px;padding-left:0px;}.wp-block-kadence-advancedheading.kt-adv-heading262_69cdf8-46 img.kb-inline-image, .wp-block-kadence-advancedheading.kt-adv-heading262_69cdf8-46[data-kb-block=\"kb-adv-heading262_69cdf8-46\"] img.kb-inline-image{width:150px;vertical-align:baseline;}<\/style>\n<p class=\"kt-adv-heading262_69cdf8-46 wp-block-kadence-advancedheading\" data-kb-block=\"kb-adv-heading262_69cdf8-46\"><em>Comprensi\u00f3n ante el conflicto<\/em><\/p>\n\n\n<style>.wp-block-kadence-advancedheading.kt-adv-heading262_21005a-93, .wp-block-kadence-advancedheading.kt-adv-heading262_21005a-93[data-kb-block=\"kb-adv-heading262_21005a-93\"]{font-size:1.8rem;line-height:2.1rem;font-style:normal;}.wp-block-kadence-advancedheading.kt-adv-heading262_21005a-93 mark.kt-highlight, .wp-block-kadence-advancedheading.kt-adv-heading262_21005a-93[data-kb-block=\"kb-adv-heading262_21005a-93\"] mark.kt-highlight{font-style:normal;color:#f76a0c;-webkit-box-decoration-break:clone;box-decoration-break:clone;padding-top:0px;padding-right:0px;padding-bottom:0px;padding-left:0px;}.wp-block-kadence-advancedheading.kt-adv-heading262_21005a-93 img.kb-inline-image, .wp-block-kadence-advancedheading.kt-adv-heading262_21005a-93[data-kb-block=\"kb-adv-heading262_21005a-93\"] img.kb-inline-image{width:150px;vertical-align:baseline;}<\/style>\n<p class=\"kt-adv-heading262_21005a-93 wp-block-kadence-advancedheading has-theme-palette-2-color has-text-color\" data-kb-block=\"kb-adv-heading262_21005a-93\"><em><em><em><em>Orientamos en el manejo de problem\u00e1ticas con los hijos,\u00a0 asesoramos sobre l\u00edmites y normas, para facilitar la tarea parental.<\/em><\/em><\/em><\/em><\/p>\n\n\n\n<p>El ejercicio de la paternidad es una tarea compleja y enriquecedora que uno aprende a partir de la propia experiencia y el sentido com\u00fan. A menudo surgen dudas en el ejercicio del rol parental ante situaciones de conflicto con los hijos que crean situaciones de angustia y conflicto.<\/p>\n\n\n\n<p>\u00c9ste es un espacio terap\u00e9utico, conducido por un psic\u00f3logo con formaci\u00f3n espec\u00edfica en Terapia Familiar, en el que se ofrece un acompa\u00f1amiento ajustado y personalizado a los padres, con el fin de atender las dificultades que se presentan en relaci\u00f3n con los hijos y ayudar a resolverlas.<\/p>\n\n\n\n<p>Est\u00e1 dirigido a aquellos padres que necesitan orientaci\u00f3n en el manejo de problem\u00e1ticas con sus hijos, con el objetivo de hacer un trabajo con los l\u00edmites, las normas, el afecto y el desarrollo de la autonom\u00eda de los hijos para facilitar la tarea parental.<\/p>\n<\/div><\/div>\n\n<\/div><\/div>","protected":false},"excerpt":{"rendered":"<p>Comprensi\u00f3n ante el conflicto Orientamos en el manejo de problem\u00e1ticas con los hijos,\u00a0 asesoramos sobre l\u00edmites y normas, para facilitar la tarea parental. El ejercicio de la paternidad es una tarea compleja y enriquecedora que uno aprende a partir de la propia experiencia y el sentido com\u00fan. A menudo surgen dudas en el ejercicio del&#8230;<\/p>\n","protected":false},"author":1,"featured_media":0,"parent":0,"menu_order":0,"comment_status":"closed","ping_status":"closed","template":"","meta":{"_kad_post_transparent":"","_kad_post_title":"","_kad_post_layout":"","_kad_post_sidebar_id":"","_kad_post_content_style":"","_kad_post_vertical_padding":"","_kad_post_feature":"","_kad_post_feature_position":"","_kad_post_header":false,"_kad_post_footer":false,"_kad_post_classname":"","footnotes":""},"class_list":["post-262","page","type-page","status-publish","hentry"],"yoast_head":"<!-- This site is optimized with the Yoast SEO plugin v27.5 - https:\/\/yoast.com\/product\/yoast-seo-wordpress\/ -->\n<title>Asesoramiento a padres - Vincles Psicologia<\/title>\n<meta name=\"description\" content=\"Comprensi\u00f3n ante el conflicto. Orientamos en el manejo de problem\u00e1ticas con los hijos, asesoramos sobre l\u00edmites y normas, para facilitar la tarea parental.\" \/>\n<meta name=\"robots\" content=\"index, follow, max-snippet:-1, max-image-preview:large, max-video-preview:-1\" \/>\n<link rel=\"canonical\" href=\"https:\/\/vinclespsicologia.cat\/assessorament-a-pares\/\" \/>\n<meta property=\"og:locale\" content=\"es_ES\" \/>\n<meta property=\"og:type\" content=\"article\" \/>\n<meta property=\"og:title\" content=\"Asesoramiento a padres - Vincles Psicologia\" \/>\n<meta property=\"og:description\" content=\"Comprensi\u00f3n ante el conflicto. Orientamos en el manejo de problem\u00e1ticas con los hijos, asesoramos sobre l\u00edmites y normas, para facilitar la tarea parental.\" \/>\n<meta property=\"og:url\" content=\"https:\/\/vinclespsicologia.cat\/assessorament-a-pares\/\" \/>\n<meta property=\"og:site_name\" content=\"Vincles Psicologia\" \/>\n<meta property=\"article:modified_time\" content=\"2025-05-10T14:51:31+00:00\" \/>\n<meta property=\"og:image\" content=\"https:\/\/vinclespsicologia.cat\/wp-content\/uploads\/AsesoramientoPadres.jpg\" \/>\n\t<meta property=\"og:image:width\" content=\"258\" \/>\n\t<meta property=\"og:image:height\" content=\"258\" \/>\n\t<meta property=\"og:image:type\" content=\"image\/jpeg\" \/>\n<meta name=\"twitter:card\" content=\"summary_large_image\" \/>\n<meta name=\"twitter:label1\" content=\"Tiempo de lectura\" \/>\n\t<meta name=\"twitter:data1\" content=\"1 minuto\" \/>\n<script type=\"application\/ld+json\" class=\"yoast-schema-graph\">{\"@context\":\"https:\\\/\\\/schema.org\",\"@graph\":[{\"@type\":\"WebPage\",\"@id\":\"https:\\\/\\\/vinclespsicologia.cat\\\/assessorament-a-pares\\\/\",\"url\":\"https:\\\/\\\/vinclespsicologia.cat\\\/assessorament-a-pares\\\/\",\"name\":\"Asesoramiento a padres - Vincles Psicologia\",\"isPartOf\":{\"@id\":\"https:\\\/\\\/vinclespsicologia.cat\\\/#website\"},\"primaryImageOfPage\":{\"@id\":\"https:\\\/\\\/vinclespsicologia.cat\\\/assessorament-a-pares\\\/#primaryimage\"},\"image\":{\"@id\":\"https:\\\/\\\/vinclespsicologia.cat\\\/assessorament-a-pares\\\/#primaryimage\"},\"thumbnailUrl\":\"https:\\\/\\\/vinclespsicologia.cat\\\/wp-content\\\/uploads\\\/AsesoramientoPadres.jpg\",\"datePublished\":\"2025-05-09T14:03:15+00:00\",\"dateModified\":\"2025-05-10T14:51:31+00:00\",\"description\":\"Comprensi\u00f3n ante el conflicto. Orientamos en el manejo de problem\u00e1ticas con los hijos, asesoramos sobre l\u00edmites y normas, para facilitar la tarea parental.\",\"breadcrumb\":{\"@id\":\"https:\\\/\\\/vinclespsicologia.cat\\\/assessorament-a-pares\\\/#breadcrumb\"},\"inLanguage\":\"es\",\"potentialAction\":[{\"@type\":\"ReadAction\",\"target\":[\"https:\\\/\\\/vinclespsicologia.cat\\\/assessorament-a-pares\\\/\"]}]},{\"@type\":\"ImageObject\",\"inLanguage\":\"es\",\"@id\":\"https:\\\/\\\/vinclespsicologia.cat\\\/assessorament-a-pares\\\/#primaryimage\",\"url\":\"https:\\\/\\\/vinclespsicologia.cat\\\/wp-content\\\/uploads\\\/AsesoramientoPadres.jpg\",\"contentUrl\":\"https:\\\/\\\/vinclespsicologia.cat\\\/wp-content\\\/uploads\\\/AsesoramientoPadres.jpg\"},{\"@type\":\"BreadcrumbList\",\"@id\":\"https:\\\/\\\/vinclespsicologia.cat\\\/assessorament-a-pares\\\/#breadcrumb\",\"itemListElement\":[{\"@type\":\"ListItem\",\"position\":1,\"name\":\"Inici\",\"item\":\"https:\\\/\\\/vinclespsicologia.cat\\\/es\\\/\"},{\"@type\":\"ListItem\",\"position\":2,\"name\":\"Asesoramiento a padres\"}]},{\"@type\":\"WebSite\",\"@id\":\"https:\\\/\\\/vinclespsicologia.cat\\\/#website\",\"url\":\"https:\\\/\\\/vinclespsicologia.cat\\\/\",\"name\":\"Vincles Psicologia\",\"description\":\"Parlar de psicoter\u00e0pia \u00e9s parlar de Vincles\",\"publisher\":{\"@id\":\"https:\\\/\\\/vinclespsicologia.cat\\\/#organization\"},\"potentialAction\":[{\"@type\":\"SearchAction\",\"target\":{\"@type\":\"EntryPoint\",\"urlTemplate\":\"https:\\\/\\\/vinclespsicologia.cat\\\/?s={search_term_string}\"},\"query-input\":{\"@type\":\"PropertyValueSpecification\",\"valueRequired\":true,\"valueName\":\"search_term_string\"}}],\"inLanguage\":\"es\"},{\"@type\":\"Organization\",\"@id\":\"https:\\\/\\\/vinclespsicologia.cat\\\/#organization\",\"name\":\"Vincles Psicologia\",\"url\":\"https:\\\/\\\/vinclespsicologia.cat\\\/\",\"logo\":{\"@type\":\"ImageObject\",\"inLanguage\":\"es\",\"@id\":\"https:\\\/\\\/vinclespsicologia.cat\\\/#\\\/schema\\\/logo\\\/image\\\/\",\"url\":\"https:\\\/\\\/vinclespsicologia.cat\\\/wp-content\\\/uploads\\\/logo.jpg\",\"contentUrl\":\"https:\\\/\\\/vinclespsicologia.cat\\\/wp-content\\\/uploads\\\/logo.jpg\",\"width\":297,\"height\":130,\"caption\":\"Vincles Psicologia\"},\"image\":{\"@id\":\"https:\\\/\\\/vinclespsicologia.cat\\\/#\\\/schema\\\/logo\\\/image\\\/\"}}]}<\/script>\n<!-- \/ Yoast SEO plugin. -->","yoast_head_json":{"title":"Asesoramiento a padres - Vincles Psicologia","description":"Comprensi\u00f3n ante el conflicto. Orientamos en el manejo de problem\u00e1ticas con los hijos, asesoramos sobre l\u00edmites y normas, para facilitar la tarea parental.","robots":{"index":"index","follow":"follow","max-snippet":"max-snippet:-1","max-image-preview":"max-image-preview:large","max-video-preview":"max-video-preview:-1"},"canonical":"https:\/\/vinclespsicologia.cat\/assessorament-a-pares\/","og_locale":"es_ES","og_type":"article","og_title":"Asesoramiento a padres - Vincles Psicologia","og_description":"Comprensi\u00f3n ante el conflicto. Orientamos en el manejo de problem\u00e1ticas con los hijos, asesoramos sobre l\u00edmites y normas, para facilitar la tarea parental.","og_url":"https:\/\/vinclespsicologia.cat\/assessorament-a-pares\/","og_site_name":"Vincles Psicologia","article_modified_time":"2025-05-10T14:51:31+00:00","og_image":[{"width":258,"height":258,"url":"https:\/\/vinclespsicologia.cat\/wp-content\/uploads\/AsesoramientoPadres.jpg","type":"image\/jpeg"}],"twitter_card":"summary_large_image","twitter_misc":{"Tiempo de lectura":"1 minuto"},"schema":{"@context":"https:\/\/schema.org","@graph":[{"@type":"WebPage","@id":"https:\/\/vinclespsicologia.cat\/assessorament-a-pares\/","url":"https:\/\/vinclespsicologia.cat\/assessorament-a-pares\/","name":"Asesoramiento a padres - Vincles Psicologia","isPartOf":{"@id":"https:\/\/vinclespsicologia.cat\/#website"},"primaryImageOfPage":{"@id":"https:\/\/vinclespsicologia.cat\/assessorament-a-pares\/#primaryimage"},"image":{"@id":"https:\/\/vinclespsicologia.cat\/assessorament-a-pares\/#primaryimage"},"thumbnailUrl":"https:\/\/vinclespsicologia.cat\/wp-content\/uploads\/AsesoramientoPadres.jpg","datePublished":"2025-05-09T14:03:15+00:00","dateModified":"2025-05-10T14:51:31+00:00","description":"Comprensi\u00f3n ante el conflicto. Orientamos en el manejo de problem\u00e1ticas con los hijos, asesoramos sobre l\u00edmites y normas, para facilitar la tarea parental.","breadcrumb":{"@id":"https:\/\/vinclespsicologia.cat\/assessorament-a-pares\/#breadcrumb"},"inLanguage":"es","potentialAction":[{"@type":"ReadAction","target":["https:\/\/vinclespsicologia.cat\/assessorament-a-pares\/"]}]},{"@type":"ImageObject","inLanguage":"es","@id":"https:\/\/vinclespsicologia.cat\/assessorament-a-pares\/#primaryimage","url":"https:\/\/vinclespsicologia.cat\/wp-content\/uploads\/AsesoramientoPadres.jpg","contentUrl":"https:\/\/vinclespsicologia.cat\/wp-content\/uploads\/AsesoramientoPadres.jpg"},{"@type":"BreadcrumbList","@id":"https:\/\/vinclespsicologia.cat\/assessorament-a-pares\/#breadcrumb","itemListElement":[{"@type":"ListItem","position":1,"name":"Inici","item":"https:\/\/vinclespsicologia.cat\/es\/"},{"@type":"ListItem","position":2,"name":"Asesoramiento a padres"}]},{"@type":"WebSite","@id":"https:\/\/vinclespsicologia.cat\/#website","url":"https:\/\/vinclespsicologia.cat\/","name":"Vincles Psicologia","description":"Parlar de psicoter\u00e0pia \u00e9s parlar de Vincles","publisher":{"@id":"https:\/\/vinclespsicologia.cat\/#organization"},"potentialAction":[{"@type":"SearchAction","target":{"@type":"EntryPoint","urlTemplate":"https:\/\/vinclespsicologia.cat\/?s={search_term_string}"},"query-input":{"@type":"PropertyValueSpecification","valueRequired":true,"valueName":"search_term_string"}}],"inLanguage":"es"},{"@type":"Organization","@id":"https:\/\/vinclespsicologia.cat\/#organization","name":"Vincles Psicologia","url":"https:\/\/vinclespsicologia.cat\/","logo":{"@type":"ImageObject","inLanguage":"es","@id":"https:\/\/vinclespsicologia.cat\/#\/schema\/logo\/image\/","url":"https:\/\/vinclespsicologia.cat\/wp-content\/uploads\/logo.jpg","contentUrl":"https:\/\/vinclespsicologia.cat\/wp-content\/uploads\/logo.jpg","width":297,"height":130,"caption":"Vincles Psicologia"},"image":{"@id":"https:\/\/vinclespsicologia.cat\/#\/schema\/logo\/image\/"}}]}},"_links":{"self":[{"href":"https:\/\/vinclespsicologia.cat\/es\/wp-json\/wp\/v2\/pages\/262","targetHints":{"allow":["GET"]}}],"collection":[{"href":"https:\/\/vinclespsicologia.cat\/es\/wp-json\/wp\/v2\/pages"}],"about":[{"href":"https:\/\/vinclespsicologia.cat\/es\/wp-json\/wp\/v2\/types\/page"}],"author":[{"embeddable":true,"href":"https:\/\/vinclespsicologia.cat\/es\/wp-json\/wp\/v2\/users\/1"}],"replies":[{"embeddable":true,"href":"https:\/\/vinclespsicologia.cat\/es\/wp-json\/wp\/v2\/comments?post=262"}],"version-history":[{"count":0,"href":"https:\/\/vinclespsicologia.cat\/es\/wp-json\/wp\/v2\/pages\/262\/revisions"}],"wp:attachment":[{"href":"https:\/\/vinclespsicologia.cat\/es\/wp-json\/wp\/v2\/media?parent=262"}],"curies":[{"name":"wp","href":"https:\/\/api.w.org\/{rel}","templated":true}]}}