{"id":261,"date":"2025-05-09T16:03:31","date_gmt":"2025-05-09T14:03:31","guid":{"rendered":"https:\/\/vinclespsicologia.cat\/supervisions-de-casos-clinics-per-a-professionals\/"},"modified":"2025-05-13T13:24:03","modified_gmt":"2025-05-13T11:24:03","slug":"supervisiones-de-casos-clinicos-para-professionales","status":"publish","type":"page","link":"https:\/\/vinclespsicologia.cat\/es\/supervisiones-de-casos-clinicos-para-professionales\/","title":{"rendered":"Supervisi\u00f3n de casos cl\u00ednicos para profesionales"},"content":{"rendered":"<style>.kb-row-layout-id261_6134de-b9 > .kt-row-column-wrap{align-content:start;}:where(.kb-row-layout-id261_6134de-b9 > .kt-row-column-wrap) > .wp-block-kadence-column{justify-content:start;}.kb-row-layout-id261_6134de-b9 > .kt-row-column-wrap{column-gap:var(--global-kb-gap-md, 2rem);row-gap:var(--global-kb-gap-md, 2rem);max-width:var( --global-content-width, 1290px );padding-left:var(--global-content-edge-padding);padding-right:var(--global-content-edge-padding);padding-top:var(--global-kb-spacing-sm, 1.5rem);padding-bottom:var(--global-kb-spacing-sm, 1.5rem);grid-template-columns:minmax(0, calc(35% - ((var(--global-kb-gap-md, 2rem) * 1 )\/2)))minmax(0, calc(65% - ((var(--global-kb-gap-md, 2rem) * 1 )\/2)));}.kb-row-layout-id261_6134de-b9 > .kt-row-layout-overlay{opacity:0.30;}@media all and (max-width: 1024px){.kb-row-layout-id261_6134de-b9 > .kt-row-column-wrap{grid-template-columns:minmax(0, 1fr) minmax(0, 2fr);}}@media all and (max-width: 767px){.kb-row-layout-id261_6134de-b9 > .kt-row-column-wrap{grid-template-columns:minmax(0, 1fr);}}<\/style><div class=\"kb-row-layout-wrap kb-row-layout-id261_6134de-b9 alignfull wp-block-kadence-rowlayout\"><div class=\"kt-row-column-wrap kt-has-2-columns kt-row-layout-right-golden kt-tab-layout-inherit kt-mobile-layout-row kt-row-valign-top kb-theme-content-width\">\n<style>.kadence-column261_a53484-42 > .kt-inside-inner-col,.kadence-column261_a53484-42 > .kt-inside-inner-col:before{border-top-left-radius:0px;border-top-right-radius:0px;border-bottom-right-radius:0px;border-bottom-left-radius:0px;}.kadence-column261_a53484-42 > .kt-inside-inner-col{column-gap:var(--global-kb-gap-sm, 1rem);}.kadence-column261_a53484-42 > .kt-inside-inner-col{flex-direction:column;}.kadence-column261_a53484-42 > .kt-inside-inner-col > .aligncenter{width:100%;}.kadence-column261_a53484-42 > .kt-inside-inner-col:before{opacity:0.3;}.kadence-column261_a53484-42{position:relative;}@media all and (max-width: 1024px){.kadence-column261_a53484-42 > .kt-inside-inner-col{flex-direction:column;justify-content:center;}}@media all and (max-width: 767px){.kadence-column261_a53484-42 > .kt-inside-inner-col{flex-direction:column;justify-content:center;}}<\/style>\n<div class=\"wp-block-kadence-column kadence-column261_a53484-42\"><div class=\"kt-inside-inner-col\"><style>.kb-image261_3a2679-ff .kb-image-has-overlay:after{opacity:0.3;}.kb-image261_3a2679-ff img.kb-img, .kb-image261_3a2679-ff .kb-img img{-webkit-mask-image:url(https:\/\/vinclespsicologia.cat\/wp-content\/plugins\/kadence-blocks\/includes\/assets\/images\/masks\/circle.svg);mask-image:url(https:\/\/vinclespsicologia.cat\/wp-content\/plugins\/kadence-blocks\/includes\/assets\/images\/masks\/circle.svg);-webkit-mask-size:auto;mask-size:auto;-webkit-mask-repeat:no-repeat;mask-repeat:no-repeat;-webkit-mask-position:center;mask-position:center;}<\/style>\n<div class=\"wp-block-kadence-image kb-image261_3a2679-ff\"><figure class=\"aligncenter\"><img loading=\"lazy\" decoding=\"async\" width=\"258\" height=\"258\" src=\"https:\/\/vinclespsicologia.cat\/wp-content\/uploads\/AsesoramientoPro.jpg\" alt=\"\" class=\"kb-img wp-image-199\" srcset=\"https:\/\/vinclespsicologia.cat\/wp-content\/uploads\/AsesoramientoPro.jpg 258w, https:\/\/vinclespsicologia.cat\/wp-content\/uploads\/AsesoramientoPro-150x150.jpg 150w\" sizes=\"auto, (max-width: 258px) 100vw, 258px\" \/><\/figure><\/div>\n<\/div><\/div>\n\n\n<style>.kadence-column261_b01188-bb > .kt-inside-inner-col,.kadence-column261_b01188-bb > .kt-inside-inner-col:before{border-top-left-radius:0px;border-top-right-radius:0px;border-bottom-right-radius:0px;border-bottom-left-radius:0px;}.kadence-column261_b01188-bb > .kt-inside-inner-col{column-gap:var(--global-kb-gap-sm, 1rem);}.kadence-column261_b01188-bb > .kt-inside-inner-col{flex-direction:column;}.kadence-column261_b01188-bb > .kt-inside-inner-col > .aligncenter{width:100%;}.kadence-column261_b01188-bb > .kt-inside-inner-col:before{opacity:0.3;}.kadence-column261_b01188-bb{position:relative;}@media all and (max-width: 1024px){.kadence-column261_b01188-bb > .kt-inside-inner-col{flex-direction:column;justify-content:center;}}@media all and (max-width: 767px){.kadence-column261_b01188-bb > .kt-inside-inner-col{flex-direction:column;justify-content:center;}}<\/style>\n<div class=\"wp-block-kadence-column kadence-column261_b01188-bb\"><div class=\"kt-inside-inner-col\"><style>.wp-block-kadence-advancedheading.kt-adv-heading261_fc60c3-84, .wp-block-kadence-advancedheading.kt-adv-heading261_fc60c3-84[data-kb-block=\"kb-adv-heading261_fc60c3-84\"]{font-size:3rem;line-height:3.2rem;font-style:normal;}.wp-block-kadence-advancedheading.kt-adv-heading261_fc60c3-84 mark.kt-highlight, .wp-block-kadence-advancedheading.kt-adv-heading261_fc60c3-84[data-kb-block=\"kb-adv-heading261_fc60c3-84\"] mark.kt-highlight{font-style:normal;color:#f76a0c;-webkit-box-decoration-break:clone;box-decoration-break:clone;padding-top:0px;padding-right:0px;padding-bottom:0px;padding-left:0px;}.wp-block-kadence-advancedheading.kt-adv-heading261_fc60c3-84 img.kb-inline-image, .wp-block-kadence-advancedheading.kt-adv-heading261_fc60c3-84[data-kb-block=\"kb-adv-heading261_fc60c3-84\"] img.kb-inline-image{width:150px;vertical-align:baseline;}<\/style>\n<p class=\"kt-adv-heading261_fc60c3-84 wp-block-kadence-advancedheading\" data-kb-block=\"kb-adv-heading261_fc60c3-84\"><em>Ayuda y asesoramiento<\/em><\/p>\n\n\n<style>.wp-block-kadence-advancedheading.kt-adv-heading261_bebb58-0d, .wp-block-kadence-advancedheading.kt-adv-heading261_bebb58-0d[data-kb-block=\"kb-adv-heading261_bebb58-0d\"]{font-size:1.8rem;line-height:2.1rem;font-style:normal;}.wp-block-kadence-advancedheading.kt-adv-heading261_bebb58-0d mark.kt-highlight, .wp-block-kadence-advancedheading.kt-adv-heading261_bebb58-0d[data-kb-block=\"kb-adv-heading261_bebb58-0d\"] mark.kt-highlight{font-style:normal;color:#f76a0c;-webkit-box-decoration-break:clone;box-decoration-break:clone;padding-top:0px;padding-right:0px;padding-bottom:0px;padding-left:0px;}.wp-block-kadence-advancedheading.kt-adv-heading261_bebb58-0d img.kb-inline-image, .wp-block-kadence-advancedheading.kt-adv-heading261_bebb58-0d[data-kb-block=\"kb-adv-heading261_bebb58-0d\"] img.kb-inline-image{width:150px;vertical-align:baseline;}<\/style>\n<p class=\"kt-adv-heading261_bebb58-0d wp-block-kadence-advancedheading has-theme-palette-2-color has-text-color\" data-kb-block=\"kb-adv-heading261_bebb58-0d\"><em><em><em>Ofrecemos el estudio en profundidad de casos cl\u00ednicos, con el objetivo de orientar en situaciones conflictivas y facilitar herramientas de intervenci\u00f3n.<\/em><\/em><\/em><\/p>\n\n\n\n<p>La supervisi\u00f3n, junto con la formaci\u00f3n y el trabajo personal, es una de las tres patas que sostienen el buen ejercicio de la psicoterapia. En la pr\u00e1ctica del oficio de psicoterapeuta, a menudo surgen dudas, miedos, situaciones que nos conectan con nuestras propias experiencias y emociones.<\/p>\n\n\n\n<p>\u00c9ste es un espacio dirigido a profesionales del mundo de la psicolog\u00eda que buscan supervisi\u00f3n y\/o asesoramiento sobre los casos cl\u00ednicos en los que est\u00e1n trabajando. Ofrecemos el estudio en profundidad de casos de terapia individual, de pareja o familiar que el profesional aporta de su pr\u00e1ctica profesional. La supervisora orienta en situaciones conflictivas o confusas, facilita herramientas de intervenci\u00f3n, al mismo tiempo que ense\u00f1a al profesional a identificar el propio posicionamiento ante el caso. La supervisi\u00f3n puede reducir de forma considerable la angustia que puede generar un caso, ayudando al profesional a la identificaci\u00f3n y a la mejora en el manejo de las propias inseguridades y emociones que \u00e9ste le despierta.<\/p>\n<\/div><\/div>\n\n<\/div><\/div>","protected":false},"excerpt":{"rendered":"<p>Ayuda y asesoramiento Ofrecemos el estudio en profundidad de casos cl\u00ednicos, con el objetivo de orientar en situaciones conflictivas y facilitar herramientas de intervenci\u00f3n. La supervisi\u00f3n, junto con la formaci\u00f3n y el trabajo personal, es una de las tres patas que sostienen el buen ejercicio de la psicoterapia. En la pr\u00e1ctica del oficio de psicoterapeuta,&#8230;<\/p>\n","protected":false},"author":1,"featured_media":0,"parent":0,"menu_order":0,"comment_status":"closed","ping_status":"closed","template":"","meta":{"_kad_post_transparent":"","_kad_post_title":"","_kad_post_layout":"","_kad_post_sidebar_id":"","_kad_post_content_style":"","_kad_post_vertical_padding":"","_kad_post_feature":"","_kad_post_feature_position":"","_kad_post_header":false,"_kad_post_footer":false,"_kad_post_classname":"","footnotes":""},"class_list":["post-261","page","type-page","status-publish","hentry"],"yoast_head":"<!-- This site is optimized with the Yoast SEO plugin v27.5 - https:\/\/yoast.com\/product\/yoast-seo-wordpress\/ -->\n<title>Supervisi\u00f3n de casos cl\u00ednicos para profesionales - Vincles Psicologia<\/title>\n<meta name=\"description\" content=\"\u00c9ste es un espacio dirigido a profesionales del mundo de la psicolog\u00eda que buscan supervisi\u00f3n y\/o asesoramiento sobre los casos cl\u00ednicos\" \/>\n<meta name=\"robots\" content=\"index, follow, max-snippet:-1, max-image-preview:large, max-video-preview:-1\" \/>\n<link rel=\"canonical\" href=\"https:\/\/vinclespsicologia.cat\/es\/supervisiones-de-casos-clinicos-para-professionales\/\" \/>\n<meta property=\"og:locale\" content=\"es_ES\" \/>\n<meta property=\"og:type\" content=\"article\" \/>\n<meta property=\"og:title\" content=\"Supervisi\u00f3n de casos cl\u00ednicos para profesionales - Vincles Psicologia\" \/>\n<meta property=\"og:description\" content=\"\u00c9ste es un espacio dirigido a profesionales del mundo de la psicolog\u00eda que buscan supervisi\u00f3n y\/o asesoramiento sobre los casos cl\u00ednicos\" \/>\n<meta property=\"og:url\" content=\"https:\/\/vinclespsicologia.cat\/es\/supervisiones-de-casos-clinicos-para-professionales\/\" \/>\n<meta property=\"og:site_name\" content=\"Vincles Psicologia\" \/>\n<meta property=\"article:modified_time\" content=\"2025-05-13T11:24:03+00:00\" \/>\n<meta property=\"og:image\" content=\"https:\/\/vinclespsicologia.cat\/wp-content\/uploads\/AsesoramientoPro.jpg\" \/>\n\t<meta property=\"og:image:width\" content=\"258\" \/>\n\t<meta property=\"og:image:height\" content=\"258\" \/>\n\t<meta property=\"og:image:type\" content=\"image\/jpeg\" \/>\n<meta name=\"twitter:card\" content=\"summary_large_image\" \/>\n<meta name=\"twitter:label1\" content=\"Tiempo de lectura\" \/>\n\t<meta name=\"twitter:data1\" content=\"2 minutos\" \/>\n<script type=\"application\/ld+json\" class=\"yoast-schema-graph\">{\"@context\":\"https:\\\/\\\/schema.org\",\"@graph\":[{\"@type\":\"WebPage\",\"@id\":\"https:\\\/\\\/vinclespsicologia.cat\\\/es\\\/supervisiones-de-casos-clinicos-para-professionales\\\/\",\"url\":\"https:\\\/\\\/vinclespsicologia.cat\\\/es\\\/supervisiones-de-casos-clinicos-para-professionales\\\/\",\"name\":\"Supervisi\u00f3n de casos cl\u00ednicos para profesionales - Vincles Psicologia\",\"isPartOf\":{\"@id\":\"https:\\\/\\\/vinclespsicologia.cat\\\/#website\"},\"primaryImageOfPage\":{\"@id\":\"https:\\\/\\\/vinclespsicologia.cat\\\/es\\\/supervisiones-de-casos-clinicos-para-professionales\\\/#primaryimage\"},\"image\":{\"@id\":\"https:\\\/\\\/vinclespsicologia.cat\\\/es\\\/supervisiones-de-casos-clinicos-para-professionales\\\/#primaryimage\"},\"thumbnailUrl\":\"https:\\\/\\\/vinclespsicologia.cat\\\/wp-content\\\/uploads\\\/AsesoramientoPro.jpg\",\"datePublished\":\"2025-05-09T14:03:31+00:00\",\"dateModified\":\"2025-05-13T11:24:03+00:00\",\"description\":\"\u00c9ste es un espacio dirigido a profesionales del mundo de la psicolog\u00eda que buscan supervisi\u00f3n y\\\/o asesoramiento sobre los casos cl\u00ednicos\",\"breadcrumb\":{\"@id\":\"https:\\\/\\\/vinclespsicologia.cat\\\/es\\\/supervisiones-de-casos-clinicos-para-professionales\\\/#breadcrumb\"},\"inLanguage\":\"es\",\"potentialAction\":[{\"@type\":\"ReadAction\",\"target\":[\"https:\\\/\\\/vinclespsicologia.cat\\\/es\\\/supervisiones-de-casos-clinicos-para-professionales\\\/\"]}]},{\"@type\":\"ImageObject\",\"inLanguage\":\"es\",\"@id\":\"https:\\\/\\\/vinclespsicologia.cat\\\/es\\\/supervisiones-de-casos-clinicos-para-professionales\\\/#primaryimage\",\"url\":\"https:\\\/\\\/vinclespsicologia.cat\\\/wp-content\\\/uploads\\\/AsesoramientoPro.jpg\",\"contentUrl\":\"https:\\\/\\\/vinclespsicologia.cat\\\/wp-content\\\/uploads\\\/AsesoramientoPro.jpg\"},{\"@type\":\"BreadcrumbList\",\"@id\":\"https:\\\/\\\/vinclespsicologia.cat\\\/es\\\/supervisiones-de-casos-clinicos-para-professionales\\\/#breadcrumb\",\"itemListElement\":[{\"@type\":\"ListItem\",\"position\":1,\"name\":\"Inici\",\"item\":\"https:\\\/\\\/vinclespsicologia.cat\\\/es\\\/\"},{\"@type\":\"ListItem\",\"position\":2,\"name\":\"Supervisi\u00f3n de casos cl\u00ednicos para profesionales\"}]},{\"@type\":\"WebSite\",\"@id\":\"https:\\\/\\\/vinclespsicologia.cat\\\/#website\",\"url\":\"https:\\\/\\\/vinclespsicologia.cat\\\/\",\"name\":\"Vincles Psicologia\",\"description\":\"Parlar de psicoter\u00e0pia \u00e9s parlar de Vincles\",\"publisher\":{\"@id\":\"https:\\\/\\\/vinclespsicologia.cat\\\/#organization\"},\"potentialAction\":[{\"@type\":\"SearchAction\",\"target\":{\"@type\":\"EntryPoint\",\"urlTemplate\":\"https:\\\/\\\/vinclespsicologia.cat\\\/?s={search_term_string}\"},\"query-input\":{\"@type\":\"PropertyValueSpecification\",\"valueRequired\":true,\"valueName\":\"search_term_string\"}}],\"inLanguage\":\"es\"},{\"@type\":\"Organization\",\"@id\":\"https:\\\/\\\/vinclespsicologia.cat\\\/#organization\",\"name\":\"Vincles Psicologia\",\"url\":\"https:\\\/\\\/vinclespsicologia.cat\\\/\",\"logo\":{\"@type\":\"ImageObject\",\"inLanguage\":\"es\",\"@id\":\"https:\\\/\\\/vinclespsicologia.cat\\\/#\\\/schema\\\/logo\\\/image\\\/\",\"url\":\"https:\\\/\\\/vinclespsicologia.cat\\\/wp-content\\\/uploads\\\/logo.jpg\",\"contentUrl\":\"https:\\\/\\\/vinclespsicologia.cat\\\/wp-content\\\/uploads\\\/logo.jpg\",\"width\":297,\"height\":130,\"caption\":\"Vincles Psicologia\"},\"image\":{\"@id\":\"https:\\\/\\\/vinclespsicologia.cat\\\/#\\\/schema\\\/logo\\\/image\\\/\"}}]}<\/script>\n<!-- \/ Yoast SEO plugin. -->","yoast_head_json":{"title":"Supervisi\u00f3n de casos cl\u00ednicos para profesionales - Vincles Psicologia","description":"\u00c9ste es un espacio dirigido a profesionales del mundo de la psicolog\u00eda que buscan supervisi\u00f3n y\/o asesoramiento sobre los casos cl\u00ednicos","robots":{"index":"index","follow":"follow","max-snippet":"max-snippet:-1","max-image-preview":"max-image-preview:large","max-video-preview":"max-video-preview:-1"},"canonical":"https:\/\/vinclespsicologia.cat\/es\/supervisiones-de-casos-clinicos-para-professionales\/","og_locale":"es_ES","og_type":"article","og_title":"Supervisi\u00f3n de casos cl\u00ednicos para profesionales - Vincles Psicologia","og_description":"\u00c9ste es un espacio dirigido a profesionales del mundo de la psicolog\u00eda que buscan supervisi\u00f3n y\/o asesoramiento sobre los casos cl\u00ednicos","og_url":"https:\/\/vinclespsicologia.cat\/es\/supervisiones-de-casos-clinicos-para-professionales\/","og_site_name":"Vincles Psicologia","article_modified_time":"2025-05-13T11:24:03+00:00","og_image":[{"width":258,"height":258,"url":"https:\/\/vinclespsicologia.cat\/wp-content\/uploads\/AsesoramientoPro.jpg","type":"image\/jpeg"}],"twitter_card":"summary_large_image","twitter_misc":{"Tiempo de lectura":"2 minutos"},"schema":{"@context":"https:\/\/schema.org","@graph":[{"@type":"WebPage","@id":"https:\/\/vinclespsicologia.cat\/es\/supervisiones-de-casos-clinicos-para-professionales\/","url":"https:\/\/vinclespsicologia.cat\/es\/supervisiones-de-casos-clinicos-para-professionales\/","name":"Supervisi\u00f3n de casos cl\u00ednicos para profesionales - Vincles Psicologia","isPartOf":{"@id":"https:\/\/vinclespsicologia.cat\/#website"},"primaryImageOfPage":{"@id":"https:\/\/vinclespsicologia.cat\/es\/supervisiones-de-casos-clinicos-para-professionales\/#primaryimage"},"image":{"@id":"https:\/\/vinclespsicologia.cat\/es\/supervisiones-de-casos-clinicos-para-professionales\/#primaryimage"},"thumbnailUrl":"https:\/\/vinclespsicologia.cat\/wp-content\/uploads\/AsesoramientoPro.jpg","datePublished":"2025-05-09T14:03:31+00:00","dateModified":"2025-05-13T11:24:03+00:00","description":"\u00c9ste es un espacio dirigido a profesionales del mundo de la psicolog\u00eda que buscan supervisi\u00f3n y\/o asesoramiento sobre los casos cl\u00ednicos","breadcrumb":{"@id":"https:\/\/vinclespsicologia.cat\/es\/supervisiones-de-casos-clinicos-para-professionales\/#breadcrumb"},"inLanguage":"es","potentialAction":[{"@type":"ReadAction","target":["https:\/\/vinclespsicologia.cat\/es\/supervisiones-de-casos-clinicos-para-professionales\/"]}]},{"@type":"ImageObject","inLanguage":"es","@id":"https:\/\/vinclespsicologia.cat\/es\/supervisiones-de-casos-clinicos-para-professionales\/#primaryimage","url":"https:\/\/vinclespsicologia.cat\/wp-content\/uploads\/AsesoramientoPro.jpg","contentUrl":"https:\/\/vinclespsicologia.cat\/wp-content\/uploads\/AsesoramientoPro.jpg"},{"@type":"BreadcrumbList","@id":"https:\/\/vinclespsicologia.cat\/es\/supervisiones-de-casos-clinicos-para-professionales\/#breadcrumb","itemListElement":[{"@type":"ListItem","position":1,"name":"Inici","item":"https:\/\/vinclespsicologia.cat\/es\/"},{"@type":"ListItem","position":2,"name":"Supervisi\u00f3n de casos cl\u00ednicos para profesionales"}]},{"@type":"WebSite","@id":"https:\/\/vinclespsicologia.cat\/#website","url":"https:\/\/vinclespsicologia.cat\/","name":"Vincles Psicologia","description":"Parlar de psicoter\u00e0pia \u00e9s parlar de Vincles","publisher":{"@id":"https:\/\/vinclespsicologia.cat\/#organization"},"potentialAction":[{"@type":"SearchAction","target":{"@type":"EntryPoint","urlTemplate":"https:\/\/vinclespsicologia.cat\/?s={search_term_string}"},"query-input":{"@type":"PropertyValueSpecification","valueRequired":true,"valueName":"search_term_string"}}],"inLanguage":"es"},{"@type":"Organization","@id":"https:\/\/vinclespsicologia.cat\/#organization","name":"Vincles Psicologia","url":"https:\/\/vinclespsicologia.cat\/","logo":{"@type":"ImageObject","inLanguage":"es","@id":"https:\/\/vinclespsicologia.cat\/#\/schema\/logo\/image\/","url":"https:\/\/vinclespsicologia.cat\/wp-content\/uploads\/logo.jpg","contentUrl":"https:\/\/vinclespsicologia.cat\/wp-content\/uploads\/logo.jpg","width":297,"height":130,"caption":"Vincles Psicologia"},"image":{"@id":"https:\/\/vinclespsicologia.cat\/#\/schema\/logo\/image\/"}}]}},"_links":{"self":[{"href":"https:\/\/vinclespsicologia.cat\/es\/wp-json\/wp\/v2\/pages\/261","targetHints":{"allow":["GET"]}}],"collection":[{"href":"https:\/\/vinclespsicologia.cat\/es\/wp-json\/wp\/v2\/pages"}],"about":[{"href":"https:\/\/vinclespsicologia.cat\/es\/wp-json\/wp\/v2\/types\/page"}],"author":[{"embeddable":true,"href":"https:\/\/vinclespsicologia.cat\/es\/wp-json\/wp\/v2\/users\/1"}],"replies":[{"embeddable":true,"href":"https:\/\/vinclespsicologia.cat\/es\/wp-json\/wp\/v2\/comments?post=261"}],"version-history":[{"count":0,"href":"https:\/\/vinclespsicologia.cat\/es\/wp-json\/wp\/v2\/pages\/261\/revisions"}],"wp:attachment":[{"href":"https:\/\/vinclespsicologia.cat\/es\/wp-json\/wp\/v2\/media?parent=261"}],"curies":[{"name":"wp","href":"https:\/\/api.w.org\/{rel}","templated":true}]}}