{"id":260,"date":"2025-05-09T16:03:56","date_gmt":"2025-05-09T14:03:56","guid":{"rendered":"https:\/\/vinclespsicologia.cat\/consulta-online\/"},"modified":"2025-05-12T12:59:53","modified_gmt":"2025-05-12T10:59:53","slug":"consulta-online","status":"publish","type":"page","link":"https:\/\/vinclespsicologia.cat\/es\/consulta-online\/","title":{"rendered":"Consulta online"},"content":{"rendered":"<style>.kb-row-layout-id260_384648-ca > .kt-row-column-wrap{align-content:start;}:where(.kb-row-layout-id260_384648-ca > .kt-row-column-wrap) > .wp-block-kadence-column{justify-content:start;}.kb-row-layout-id260_384648-ca > .kt-row-column-wrap{column-gap:var(--global-kb-gap-md, 2rem);row-gap:var(--global-kb-gap-md, 2rem);max-width:var( --global-content-width, 1290px );padding-left:var(--global-content-edge-padding);padding-right:var(--global-content-edge-padding);padding-top:var(--global-kb-spacing-sm, 1.5rem);padding-bottom:var(--global-kb-spacing-sm, 1.5rem);grid-template-columns:minmax(0, calc(35% - ((var(--global-kb-gap-md, 2rem) * 1 )\/2)))minmax(0, calc(65% - ((var(--global-kb-gap-md, 2rem) * 1 )\/2)));}.kb-row-layout-id260_384648-ca > .kt-row-layout-overlay{opacity:0.30;}@media all and (max-width: 1024px){.kb-row-layout-id260_384648-ca > .kt-row-column-wrap{grid-template-columns:minmax(0, 1fr) minmax(0, 2fr);}}@media all and (max-width: 767px){.kb-row-layout-id260_384648-ca > .kt-row-column-wrap{grid-template-columns:minmax(0, 1fr);}}<\/style><div class=\"kb-row-layout-wrap kb-row-layout-id260_384648-ca alignfull wp-block-kadence-rowlayout\"><div class=\"kt-row-column-wrap kt-has-2-columns kt-row-layout-right-golden kt-tab-layout-inherit kt-mobile-layout-row kt-row-valign-top kb-theme-content-width\">\n<style>.kadence-column260_015673-ec > .kt-inside-inner-col,.kadence-column260_015673-ec > .kt-inside-inner-col:before{border-top-left-radius:0px;border-top-right-radius:0px;border-bottom-right-radius:0px;border-bottom-left-radius:0px;}.kadence-column260_015673-ec > .kt-inside-inner-col{column-gap:var(--global-kb-gap-sm, 1rem);}.kadence-column260_015673-ec > .kt-inside-inner-col{flex-direction:column;}.kadence-column260_015673-ec > .kt-inside-inner-col > .aligncenter{width:100%;}.kadence-column260_015673-ec > .kt-inside-inner-col:before{opacity:0.3;}.kadence-column260_015673-ec{position:relative;}@media all and (max-width: 1024px){.kadence-column260_015673-ec > .kt-inside-inner-col{flex-direction:column;justify-content:center;}}@media all and (max-width: 767px){.kadence-column260_015673-ec > .kt-inside-inner-col{flex-direction:column;justify-content:center;}}<\/style>\n<div class=\"wp-block-kadence-column kadence-column260_015673-ec\"><div class=\"kt-inside-inner-col\"><style>.kb-image260_4c895e-29 .kb-image-has-overlay:after{opacity:0.3;}.kb-image260_4c895e-29 img.kb-img, .kb-image260_4c895e-29 .kb-img img{-webkit-mask-image:url(https:\/\/vinclespsicologia.cat\/wp-content\/plugins\/kadence-blocks\/includes\/assets\/images\/masks\/circle.svg);mask-image:url(https:\/\/vinclespsicologia.cat\/wp-content\/plugins\/kadence-blocks\/includes\/assets\/images\/masks\/circle.svg);-webkit-mask-size:auto;mask-size:auto;-webkit-mask-repeat:no-repeat;mask-repeat:no-repeat;-webkit-mask-position:center;mask-position:center;}<\/style>\n<div class=\"wp-block-kadence-image kb-image260_4c895e-29\"><figure class=\"aligncenter\"><img loading=\"lazy\" decoding=\"async\" width=\"258\" height=\"258\" src=\"https:\/\/vinclespsicologia.cat\/wp-content\/uploads\/Online.jpg\" alt=\"\" class=\"kb-img wp-image-202\" srcset=\"https:\/\/vinclespsicologia.cat\/wp-content\/uploads\/Online.jpg 258w, https:\/\/vinclespsicologia.cat\/wp-content\/uploads\/Online-150x150.jpg 150w\" sizes=\"auto, (max-width: 258px) 100vw, 258px\" \/><\/figure><\/div>\n<\/div><\/div>\n\n\n<style>.kadence-column260_4cca80-33 > .kt-inside-inner-col,.kadence-column260_4cca80-33 > .kt-inside-inner-col:before{border-top-left-radius:0px;border-top-right-radius:0px;border-bottom-right-radius:0px;border-bottom-left-radius:0px;}.kadence-column260_4cca80-33 > .kt-inside-inner-col{column-gap:var(--global-kb-gap-sm, 1rem);}.kadence-column260_4cca80-33 > .kt-inside-inner-col{flex-direction:column;}.kadence-column260_4cca80-33 > .kt-inside-inner-col > .aligncenter{width:100%;}.kadence-column260_4cca80-33 > .kt-inside-inner-col:before{opacity:0.3;}.kadence-column260_4cca80-33{position:relative;}@media all and (max-width: 1024px){.kadence-column260_4cca80-33 > .kt-inside-inner-col{flex-direction:column;justify-content:center;}}@media all and (max-width: 767px){.kadence-column260_4cca80-33 > .kt-inside-inner-col{flex-direction:column;justify-content:center;}}<\/style>\n<div class=\"wp-block-kadence-column kadence-column260_4cca80-33\"><div class=\"kt-inside-inner-col\"><style>.wp-block-kadence-advancedheading.kt-adv-heading260_83941d-37, .wp-block-kadence-advancedheading.kt-adv-heading260_83941d-37[data-kb-block=\"kb-adv-heading260_83941d-37\"]{font-size:3rem;line-height:3.2rem;font-style:normal;}.wp-block-kadence-advancedheading.kt-adv-heading260_83941d-37 mark.kt-highlight, .wp-block-kadence-advancedheading.kt-adv-heading260_83941d-37[data-kb-block=\"kb-adv-heading260_83941d-37\"] mark.kt-highlight{font-style:normal;color:#f76a0c;-webkit-box-decoration-break:clone;box-decoration-break:clone;padding-top:0px;padding-right:0px;padding-bottom:0px;padding-left:0px;}.wp-block-kadence-advancedheading.kt-adv-heading260_83941d-37 img.kb-inline-image, .wp-block-kadence-advancedheading.kt-adv-heading260_83941d-37[data-kb-block=\"kb-adv-heading260_83941d-37\"] img.kb-inline-image{width:150px;vertical-align:baseline;}<\/style>\n<p class=\"kt-adv-heading260_83941d-37 wp-block-kadence-advancedheading\" data-kb-block=\"kb-adv-heading260_83941d-37\"><em>La tecnolog\u00eda nos acerca<\/em><\/p>\n\n\n<style>.wp-block-kadence-advancedheading.kt-adv-heading260_0c4581-e6, .wp-block-kadence-advancedheading.kt-adv-heading260_0c4581-e6[data-kb-block=\"kb-adv-heading260_0c4581-e6\"]{font-size:1.8rem;line-height:2.1rem;font-style:normal;}.wp-block-kadence-advancedheading.kt-adv-heading260_0c4581-e6 mark.kt-highlight, .wp-block-kadence-advancedheading.kt-adv-heading260_0c4581-e6[data-kb-block=\"kb-adv-heading260_0c4581-e6\"] mark.kt-highlight{font-style:normal;color:#f76a0c;-webkit-box-decoration-break:clone;box-decoration-break:clone;padding-top:0px;padding-right:0px;padding-bottom:0px;padding-left:0px;}.wp-block-kadence-advancedheading.kt-adv-heading260_0c4581-e6 img.kb-inline-image, .wp-block-kadence-advancedheading.kt-adv-heading260_0c4581-e6[data-kb-block=\"kb-adv-heading260_0c4581-e6\"] img.kb-inline-image{width:150px;vertical-align:baseline;}<\/style>\n<p class=\"kt-adv-heading260_0c4581-e6 wp-block-kadence-advancedheading has-theme-palette-2-color has-text-color\" data-kb-block=\"kb-adv-heading260_0c4581-e6\"><em><em><em><em>Ofrecemos la misma atenci\u00f3n personalizada desde nuevas v\u00edas de comunicaci\u00f3n online para facilitar la consulta independientemente de la localizaci\u00f3n.<\/em><\/em><\/em><\/em><\/p>\n\n\n\n<p>En Vincles, aprovechamos la tecnolog\u00eda para\u00a0<strong>facilitar el acceso a algunos de nuestros servicios<\/strong>\u00a0a trav\u00e9s de la consulta\u00a0<strong>online<\/strong>. Esta nos permite\u00a0<strong>acceder a personas que por su ubicaci\u00f3n, disponibilidad horaria o limitaci\u00f3n f\u00edsica o psicol\u00f3gica<\/strong>\u00a0no pueden acceder a nuestras instalaciones en un momento puntual. Permite un amplio y c\u00f3modo abanico de horarios y puede facilitar la constancia en el proceso.<\/p>\n\n\n\n<p>La terapia online, sin embargo, es una herramienta que no es adecuada en todas las etapas del proceso terap\u00e9utico ni para todo tipo de casos.<\/p>\n\n\n\n<p>Este espacio terap\u00e9utico, conducido por un psic\u00f3logo con formaci\u00f3n espec\u00edfica, ofrece un acompa\u00f1amiento ajustado y personalizado con total confidencialidad. Se valorar\u00e1 con el terapeuta, el momento, la frecuencia y la finalidad.<\/p>\n<\/div><\/div>\n\n<\/div><\/div>","protected":false},"excerpt":{"rendered":"<p>La tecnolog\u00eda nos acerca Ofrecemos la misma atenci\u00f3n personalizada desde nuevas v\u00edas de comunicaci\u00f3n online para facilitar la consulta independientemente de la localizaci\u00f3n. En Vincles, aprovechamos la tecnolog\u00eda para\u00a0facilitar el acceso a algunos de nuestros servicios\u00a0a trav\u00e9s de la consulta\u00a0online. Esta nos permite\u00a0acceder a personas que por su ubicaci\u00f3n, disponibilidad horaria o limitaci\u00f3n f\u00edsica o&#8230;<\/p>\n","protected":false},"author":1,"featured_media":0,"parent":0,"menu_order":0,"comment_status":"closed","ping_status":"closed","template":"","meta":{"_kad_post_transparent":"","_kad_post_title":"","_kad_post_layout":"","_kad_post_sidebar_id":"","_kad_post_content_style":"","_kad_post_vertical_padding":"","_kad_post_feature":"","_kad_post_feature_position":"","_kad_post_header":false,"_kad_post_footer":false,"_kad_post_classname":"","footnotes":""},"class_list":["post-260","page","type-page","status-publish","hentry"],"yoast_head":"<!-- This site is optimized with the Yoast SEO plugin v27.4 - https:\/\/yoast.com\/product\/yoast-seo-wordpress\/ -->\n<title>Consulta online Vincles Psicologia<\/title>\n<meta name=\"description\" content=\"Consulta online: la tecnolog\u00eda nos acerca. Ofrecemos la misma atenci\u00f3n personalizada desde nuevas v\u00edas de comunicaci\u00f3n online para facilitar la consulta.\" \/>\n<meta name=\"robots\" content=\"index, follow, max-snippet:-1, max-image-preview:large, max-video-preview:-1\" \/>\n<link rel=\"canonical\" href=\"https:\/\/vinclespsicologia.cat\/consulta-online\/\" \/>\n<meta property=\"og:locale\" content=\"es_ES\" \/>\n<meta property=\"og:type\" content=\"article\" \/>\n<meta property=\"og:title\" content=\"Consulta online Vincles Psicologia\" \/>\n<meta property=\"og:description\" content=\"Consulta online: la tecnolog\u00eda nos acerca. Ofrecemos la misma atenci\u00f3n personalizada desde nuevas v\u00edas de comunicaci\u00f3n online para facilitar la consulta.\" \/>\n<meta property=\"og:url\" content=\"https:\/\/vinclespsicologia.cat\/consulta-online\/\" \/>\n<meta property=\"og:site_name\" content=\"Vincles Psicologia\" \/>\n<meta property=\"article:modified_time\" content=\"2025-05-12T10:59:53+00:00\" \/>\n<meta property=\"og:image\" content=\"https:\/\/vinclespsicologia.cat\/wp-content\/uploads\/Online.jpg\" \/>\n\t<meta property=\"og:image:width\" content=\"258\" \/>\n\t<meta property=\"og:image:height\" content=\"258\" \/>\n\t<meta property=\"og:image:type\" content=\"image\/jpeg\" \/>\n<meta name=\"twitter:card\" content=\"summary_large_image\" \/>\n<meta name=\"twitter:label1\" content=\"Tiempo de lectura\" \/>\n\t<meta name=\"twitter:data1\" content=\"1 minuto\" \/>\n<script type=\"application\/ld+json\" class=\"yoast-schema-graph\">{\"@context\":\"https:\\\/\\\/schema.org\",\"@graph\":[{\"@type\":\"WebPage\",\"@id\":\"https:\\\/\\\/vinclespsicologia.cat\\\/consulta-online\\\/\",\"url\":\"https:\\\/\\\/vinclespsicologia.cat\\\/consulta-online\\\/\",\"name\":\"Consulta online Vincles Psicologia\",\"isPartOf\":{\"@id\":\"https:\\\/\\\/vinclespsicologia.cat\\\/#website\"},\"primaryImageOfPage\":{\"@id\":\"https:\\\/\\\/vinclespsicologia.cat\\\/consulta-online\\\/#primaryimage\"},\"image\":{\"@id\":\"https:\\\/\\\/vinclespsicologia.cat\\\/consulta-online\\\/#primaryimage\"},\"thumbnailUrl\":\"https:\\\/\\\/vinclespsicologia.cat\\\/wp-content\\\/uploads\\\/Online.jpg\",\"datePublished\":\"2025-05-09T14:03:56+00:00\",\"dateModified\":\"2025-05-12T10:59:53+00:00\",\"description\":\"Consulta online: la tecnolog\u00eda nos acerca. Ofrecemos la misma atenci\u00f3n personalizada desde nuevas v\u00edas de comunicaci\u00f3n online para facilitar la consulta.\",\"breadcrumb\":{\"@id\":\"https:\\\/\\\/vinclespsicologia.cat\\\/consulta-online\\\/#breadcrumb\"},\"inLanguage\":\"es\",\"potentialAction\":[{\"@type\":\"ReadAction\",\"target\":[\"https:\\\/\\\/vinclespsicologia.cat\\\/consulta-online\\\/\"]}]},{\"@type\":\"ImageObject\",\"inLanguage\":\"es\",\"@id\":\"https:\\\/\\\/vinclespsicologia.cat\\\/consulta-online\\\/#primaryimage\",\"url\":\"https:\\\/\\\/vinclespsicologia.cat\\\/wp-content\\\/uploads\\\/Online.jpg\",\"contentUrl\":\"https:\\\/\\\/vinclespsicologia.cat\\\/wp-content\\\/uploads\\\/Online.jpg\"},{\"@type\":\"BreadcrumbList\",\"@id\":\"https:\\\/\\\/vinclespsicologia.cat\\\/consulta-online\\\/#breadcrumb\",\"itemListElement\":[{\"@type\":\"ListItem\",\"position\":1,\"name\":\"Inici\",\"item\":\"https:\\\/\\\/vinclespsicologia.cat\\\/es\\\/\"},{\"@type\":\"ListItem\",\"position\":2,\"name\":\"Consulta online\"}]},{\"@type\":\"WebSite\",\"@id\":\"https:\\\/\\\/vinclespsicologia.cat\\\/#website\",\"url\":\"https:\\\/\\\/vinclespsicologia.cat\\\/\",\"name\":\"Vincles Psicologia\",\"description\":\"Parlar de psicoter\u00e0pia \u00e9s parlar de Vincles\",\"publisher\":{\"@id\":\"https:\\\/\\\/vinclespsicologia.cat\\\/#organization\"},\"potentialAction\":[{\"@type\":\"SearchAction\",\"target\":{\"@type\":\"EntryPoint\",\"urlTemplate\":\"https:\\\/\\\/vinclespsicologia.cat\\\/?s={search_term_string}\"},\"query-input\":{\"@type\":\"PropertyValueSpecification\",\"valueRequired\":true,\"valueName\":\"search_term_string\"}}],\"inLanguage\":\"es\"},{\"@type\":\"Organization\",\"@id\":\"https:\\\/\\\/vinclespsicologia.cat\\\/#organization\",\"name\":\"Vincles Psicologia\",\"url\":\"https:\\\/\\\/vinclespsicologia.cat\\\/\",\"logo\":{\"@type\":\"ImageObject\",\"inLanguage\":\"es\",\"@id\":\"https:\\\/\\\/vinclespsicologia.cat\\\/#\\\/schema\\\/logo\\\/image\\\/\",\"url\":\"https:\\\/\\\/vinclespsicologia.cat\\\/wp-content\\\/uploads\\\/logo.jpg\",\"contentUrl\":\"https:\\\/\\\/vinclespsicologia.cat\\\/wp-content\\\/uploads\\\/logo.jpg\",\"width\":297,\"height\":130,\"caption\":\"Vincles Psicologia\"},\"image\":{\"@id\":\"https:\\\/\\\/vinclespsicologia.cat\\\/#\\\/schema\\\/logo\\\/image\\\/\"}}]}<\/script>\n<!-- \/ Yoast SEO plugin. -->","yoast_head_json":{"title":"Consulta online Vincles Psicologia","description":"Consulta online: la tecnolog\u00eda nos acerca. Ofrecemos la misma atenci\u00f3n personalizada desde nuevas v\u00edas de comunicaci\u00f3n online para facilitar la consulta.","robots":{"index":"index","follow":"follow","max-snippet":"max-snippet:-1","max-image-preview":"max-image-preview:large","max-video-preview":"max-video-preview:-1"},"canonical":"https:\/\/vinclespsicologia.cat\/consulta-online\/","og_locale":"es_ES","og_type":"article","og_title":"Consulta online Vincles Psicologia","og_description":"Consulta online: la tecnolog\u00eda nos acerca. Ofrecemos la misma atenci\u00f3n personalizada desde nuevas v\u00edas de comunicaci\u00f3n online para facilitar la consulta.","og_url":"https:\/\/vinclespsicologia.cat\/consulta-online\/","og_site_name":"Vincles Psicologia","article_modified_time":"2025-05-12T10:59:53+00:00","og_image":[{"width":258,"height":258,"url":"https:\/\/vinclespsicologia.cat\/wp-content\/uploads\/Online.jpg","type":"image\/jpeg"}],"twitter_card":"summary_large_image","twitter_misc":{"Tiempo de lectura":"1 minuto"},"schema":{"@context":"https:\/\/schema.org","@graph":[{"@type":"WebPage","@id":"https:\/\/vinclespsicologia.cat\/consulta-online\/","url":"https:\/\/vinclespsicologia.cat\/consulta-online\/","name":"Consulta online Vincles Psicologia","isPartOf":{"@id":"https:\/\/vinclespsicologia.cat\/#website"},"primaryImageOfPage":{"@id":"https:\/\/vinclespsicologia.cat\/consulta-online\/#primaryimage"},"image":{"@id":"https:\/\/vinclespsicologia.cat\/consulta-online\/#primaryimage"},"thumbnailUrl":"https:\/\/vinclespsicologia.cat\/wp-content\/uploads\/Online.jpg","datePublished":"2025-05-09T14:03:56+00:00","dateModified":"2025-05-12T10:59:53+00:00","description":"Consulta online: la tecnolog\u00eda nos acerca. Ofrecemos la misma atenci\u00f3n personalizada desde nuevas v\u00edas de comunicaci\u00f3n online para facilitar la consulta.","breadcrumb":{"@id":"https:\/\/vinclespsicologia.cat\/consulta-online\/#breadcrumb"},"inLanguage":"es","potentialAction":[{"@type":"ReadAction","target":["https:\/\/vinclespsicologia.cat\/consulta-online\/"]}]},{"@type":"ImageObject","inLanguage":"es","@id":"https:\/\/vinclespsicologia.cat\/consulta-online\/#primaryimage","url":"https:\/\/vinclespsicologia.cat\/wp-content\/uploads\/Online.jpg","contentUrl":"https:\/\/vinclespsicologia.cat\/wp-content\/uploads\/Online.jpg"},{"@type":"BreadcrumbList","@id":"https:\/\/vinclespsicologia.cat\/consulta-online\/#breadcrumb","itemListElement":[{"@type":"ListItem","position":1,"name":"Inici","item":"https:\/\/vinclespsicologia.cat\/es\/"},{"@type":"ListItem","position":2,"name":"Consulta online"}]},{"@type":"WebSite","@id":"https:\/\/vinclespsicologia.cat\/#website","url":"https:\/\/vinclespsicologia.cat\/","name":"Vincles Psicologia","description":"Parlar de psicoter\u00e0pia \u00e9s parlar de Vincles","publisher":{"@id":"https:\/\/vinclespsicologia.cat\/#organization"},"potentialAction":[{"@type":"SearchAction","target":{"@type":"EntryPoint","urlTemplate":"https:\/\/vinclespsicologia.cat\/?s={search_term_string}"},"query-input":{"@type":"PropertyValueSpecification","valueRequired":true,"valueName":"search_term_string"}}],"inLanguage":"es"},{"@type":"Organization","@id":"https:\/\/vinclespsicologia.cat\/#organization","name":"Vincles Psicologia","url":"https:\/\/vinclespsicologia.cat\/","logo":{"@type":"ImageObject","inLanguage":"es","@id":"https:\/\/vinclespsicologia.cat\/#\/schema\/logo\/image\/","url":"https:\/\/vinclespsicologia.cat\/wp-content\/uploads\/logo.jpg","contentUrl":"https:\/\/vinclespsicologia.cat\/wp-content\/uploads\/logo.jpg","width":297,"height":130,"caption":"Vincles Psicologia"},"image":{"@id":"https:\/\/vinclespsicologia.cat\/#\/schema\/logo\/image\/"}}]}},"_links":{"self":[{"href":"https:\/\/vinclespsicologia.cat\/es\/wp-json\/wp\/v2\/pages\/260","targetHints":{"allow":["GET"]}}],"collection":[{"href":"https:\/\/vinclespsicologia.cat\/es\/wp-json\/wp\/v2\/pages"}],"about":[{"href":"https:\/\/vinclespsicologia.cat\/es\/wp-json\/wp\/v2\/types\/page"}],"author":[{"embeddable":true,"href":"https:\/\/vinclespsicologia.cat\/es\/wp-json\/wp\/v2\/users\/1"}],"replies":[{"embeddable":true,"href":"https:\/\/vinclespsicologia.cat\/es\/wp-json\/wp\/v2\/comments?post=260"}],"version-history":[{"count":0,"href":"https:\/\/vinclespsicologia.cat\/es\/wp-json\/wp\/v2\/pages\/260\/revisions"}],"wp:attachment":[{"href":"https:\/\/vinclespsicologia.cat\/es\/wp-json\/wp\/v2\/media?parent=260"}],"curies":[{"name":"wp","href":"https:\/\/api.w.org\/{rel}","templated":true}]}}