{"id":259,"date":"2025-05-09T16:04:25","date_gmt":"2025-05-09T14:04:25","guid":{"rendered":"https:\/\/vinclespsicologia.cat\/experiencia\/"},"modified":"2025-05-13T13:11:19","modified_gmt":"2025-05-13T11:11:19","slug":"experiencia","status":"publish","type":"page","link":"https:\/\/vinclespsicologia.cat\/es\/experiencia\/","title":{"rendered":"Experiencia"},"content":{"rendered":"<style>.kb-row-layout-id259_f7d7ed-4b > .kt-row-column-wrap{align-content:start;}:where(.kb-row-layout-id259_f7d7ed-4b > .kt-row-column-wrap) > .wp-block-kadence-column{justify-content:start;}.kb-row-layout-id259_f7d7ed-4b > .kt-row-column-wrap{column-gap:var(--global-kb-gap-lg, 4rem);row-gap:var(--global-kb-gap-md, 2rem);max-width:var( --global-content-width, 1290px );padding-left:var(--global-content-edge-padding);padding-right:var(--global-content-edge-padding);padding-top:var(--global-kb-spacing-sm, 1.5rem);padding-bottom:var(--global-kb-spacing-sm, 1.5rem);grid-template-columns:repeat(2, minmax(0, 1fr));}.kb-row-layout-id259_f7d7ed-4b > .kt-row-layout-overlay{opacity:0.30;}@media all and (max-width: 1024px){.kb-row-layout-id259_f7d7ed-4b > .kt-row-column-wrap{grid-template-columns:repeat(2, minmax(0, 1fr));}}@media all and (max-width: 767px){.kb-row-layout-id259_f7d7ed-4b > .kt-row-column-wrap{grid-template-columns:minmax(0, 1fr);}}<\/style><div class=\"kb-row-layout-wrap kb-row-layout-id259_f7d7ed-4b alignfull wp-block-kadence-rowlayout\"><div class=\"kt-row-column-wrap kt-has-2-columns kt-row-layout-equal kt-tab-layout-inherit kt-mobile-layout-row kt-row-valign-top kb-theme-content-width\">\n<style>.kadence-column259_7d2841-2a > .kt-inside-inner-col,.kadence-column259_7d2841-2a > .kt-inside-inner-col:before{border-top-left-radius:0px;border-top-right-radius:0px;border-bottom-right-radius:0px;border-bottom-left-radius:0px;}.kadence-column259_7d2841-2a > .kt-inside-inner-col{column-gap:var(--global-kb-gap-sm, 1rem);}.kadence-column259_7d2841-2a > .kt-inside-inner-col{flex-direction:column;}.kadence-column259_7d2841-2a > .kt-inside-inner-col > .aligncenter{width:100%;}.kadence-column259_7d2841-2a > .kt-inside-inner-col:before{opacity:0.3;}.kadence-column259_7d2841-2a{position:relative;}@media all and (max-width: 1024px){.kadence-column259_7d2841-2a > .kt-inside-inner-col{flex-direction:column;justify-content:center;}}@media all and (max-width: 767px){.kadence-column259_7d2841-2a > .kt-inside-inner-col{flex-direction:column;justify-content:center;}}<\/style>\n<div class=\"wp-block-kadence-column kadence-column259_7d2841-2a\"><div class=\"kt-inside-inner-col\"><style>.kb-image259_db6f77-dc .kb-image-has-overlay:after{opacity:0.3;}<\/style>\n<div class=\"wp-block-kadence-image kb-image259_db6f77-dc\"><figure class=\"aligncenter size-medium\"><img loading=\"lazy\" decoding=\"async\" width=\"300\" height=\"300\" src=\"https:\/\/vinclespsicologia.cat\/wp-content\/uploads\/eva-300x300.jpg\" alt=\"Eva Tel Colomines - vincles psicologia\" class=\"kb-img wp-image-94\" srcset=\"https:\/\/vinclespsicologia.cat\/wp-content\/uploads\/eva-300x300.jpg 300w, https:\/\/vinclespsicologia.cat\/wp-content\/uploads\/eva-150x150.jpg 150w, https:\/\/vinclespsicologia.cat\/wp-content\/uploads\/eva.jpg 440w\" sizes=\"auto, (max-width: 300px) 100vw, 300px\" \/><\/figure><\/div>\n\n\n<style>.wp-block-kadence-advancedheading.kt-adv-heading259_fcb277-a3, .wp-block-kadence-advancedheading.kt-adv-heading259_fcb277-a3[data-kb-block=\"kb-adv-heading259_fcb277-a3\"]{text-align:center;font-style:normal;}.wp-block-kadence-advancedheading.kt-adv-heading259_fcb277-a3 mark.kt-highlight, .wp-block-kadence-advancedheading.kt-adv-heading259_fcb277-a3[data-kb-block=\"kb-adv-heading259_fcb277-a3\"] mark.kt-highlight{font-style:normal;color:#f76a0c;-webkit-box-decoration-break:clone;box-decoration-break:clone;padding-top:0px;padding-right:0px;padding-bottom:0px;padding-left:0px;}.wp-block-kadence-advancedheading.kt-adv-heading259_fcb277-a3 img.kb-inline-image, .wp-block-kadence-advancedheading.kt-adv-heading259_fcb277-a3[data-kb-block=\"kb-adv-heading259_fcb277-a3\"] img.kb-inline-image{width:150px;vertical-align:baseline;}<\/style>\n<h2 class=\"kt-adv-heading259_fcb277-a3 wp-block-kadence-advancedheading\" data-kb-block=\"kb-adv-heading259_fcb277-a3\">Eva Tel Colomines<\/h2>\n\n\n\n<p><em><em>\u201cNuestra trayectoria profesional y nuestra formaci\u00f3n espec\u00edfica est\u00e1n ampliamente contrastadas. Somos m\u00e1ster en terapia familiar y en terapia cognitivo conductual\u201d.<\/em><\/em><\/p>\n\n\n\n<ul class=\"wp-block-list\">\n<li>Licenciada en Psicolog\u00eda en 1999 por la Universidad de Barcelona.<\/li>\n\n\n\n<li>Colegiada n.\u00ba 13505 por el Colegio Oficial de psic\u00f3logos de Catalu\u00f1a.<\/li>\n\n\n\n<li>M\u00e1ster en Terapia Familiar Sist\u00e9mica (2005-2009). Hospital de Sant Pau por la Universidad Aut\u00f3noma de Barcelona.<\/li>\n\n\n\n<li>Postgrado en Psicolog\u00eda Cognitivo \u2013 Social (2001\/2003) por la Universidad de Barcelona.<\/li>\n\n\n\n<li>Ejerciendo desde 2013 como psicoterapeuta en consulta privada. \u00c1reas de intervenci\u00f3n: ansiedad, depresi\u00f3n, problemas de pareja, duelos, fobias, trastornos de conducta. Terapia individual, familiar y de pareja.<\/li>\n\n\n\n<li>Ejerciendo desde 2004 como psicoterapeuta en el Servicio de Atenci\u00f3n Psicosocial de la Fundaci\u00f3n Salud y Comunidad con pacientes en r\u00e9gimen ambulatorio. Terapias individuales, familiares, de pareja, conducci\u00f3n de grupos, de pacientes y de familias.<\/li>\n\n\n\n<li>Tratamiento de adicciones dentro del programa Riera Major y coordinaci\u00f3n con otros servicios de la Fundaci\u00f3n Salud y Comunidad.<\/li>\n\n\n\n<li>T\u00edtulo EuroPsy Specialist in Psychotherapy seg\u00fan EFPA (European federation of Psychologist associations. Licencia ES-PT006267-201304. A\u00f1o 2013.<\/li>\n\n\n\n<li>T\u00edtulo EuroPsy Psychologist seg\u00fan EFPA. Licencia ES-006100-201304. A\u00f1o 2013.<\/li>\n\n\n\n<li>Certificaci\u00f3n de Psic\u00f3loga Sanitaria seg\u00fan COPC. A\u00f1o 2013.<\/li>\n\n\n\n<li>Conducci\u00f3n de grupos de prevenci\u00f3n de reca\u00eddas, habilidades sociales, inserci\u00f3n laboral, cohesi\u00f3n de grupo, relajaci\u00f3n y de espacios familiares dentro del programa de reinserci\u00f3n de la Residencia Terap\u00e9utica Urbana (1998-2006).<\/li>\n\n\n\n<li>Responsable de la Residencia Terap\u00e9utica Urbana (2003 \u2013 2004).<\/li>\n\n\n\n<li>Educadora en la Comunidad Terap\u00e9utica Can Sol\u00e0 del Valle y al Piso Terap\u00e9utico para alcoh\u00f3licos y otras adicciones de la Fundaci\u00f3n Salud y Comunidad. (1998-2002).<\/li>\n\n\n\n<li>Realizando terapias individuales de formato breve en el CAP Manso en el marco de colaboraci\u00f3n entre la Universidad de Barcelona y el Instituto Catal\u00e1n de la Salud (ICS). (Pr\u00e1cticas de formaci\u00f3n del Posgrado en Terapia Cognitivo-Social).<\/li>\n\n\n\n<li>Grupo de trastornos de ansiedad (GAM). Psic\u00f3loga en terapias individuales y grupales con grupos de pacientes con diagn\u00f3stico: obsesivo-compulsivo, agorafobia, depresi\u00f3n, y en los grupos de ansiedad generalizada (Curso 1998-99).<\/li>\n\n\n\n<li>Proyecto de investigaci\u00f3n sobre las Relaciones paterno filiales en una familia con un hijo diagnosticado de TLP. A\u00f1o 2009.<\/li>\n<\/ul>\n<\/div><\/div>\n\n\n<style>.kadence-column259_4895be-b0 > .kt-inside-inner-col,.kadence-column259_4895be-b0 > .kt-inside-inner-col:before{border-top-left-radius:0px;border-top-right-radius:0px;border-bottom-right-radius:0px;border-bottom-left-radius:0px;}.kadence-column259_4895be-b0 > .kt-inside-inner-col{column-gap:var(--global-kb-gap-sm, 1rem);}.kadence-column259_4895be-b0 > .kt-inside-inner-col{flex-direction:column;}.kadence-column259_4895be-b0 > .kt-inside-inner-col > .aligncenter{width:100%;}.kadence-column259_4895be-b0 > .kt-inside-inner-col:before{opacity:0.3;}.kadence-column259_4895be-b0{position:relative;}@media all and (max-width: 1024px){.kadence-column259_4895be-b0 > .kt-inside-inner-col{flex-direction:column;justify-content:center;}}@media all and (max-width: 767px){.kadence-column259_4895be-b0 > .kt-inside-inner-col{flex-direction:column;justify-content:center;}}<\/style>\n<div class=\"wp-block-kadence-column kadence-column259_4895be-b0\"><div class=\"kt-inside-inner-col\"><style>.kb-image259_646902-9f .kb-image-has-overlay:after{opacity:0.3;}<\/style>\n<div class=\"wp-block-kadence-image kb-image259_646902-9f\"><figure class=\"aligncenter size-full\"><img loading=\"lazy\" decoding=\"async\" width=\"300\" height=\"300\" src=\"https:\/\/vinclespsicologia.cat\/wp-content\/uploads\/Nuria.jpg\" alt=\"\" class=\"kb-img wp-image-97\" srcset=\"https:\/\/vinclespsicologia.cat\/wp-content\/uploads\/Nuria.jpg 300w, https:\/\/vinclespsicologia.cat\/wp-content\/uploads\/Nuria-150x150.jpg 150w\" sizes=\"auto, (max-width: 300px) 100vw, 300px\" \/><\/figure><\/div>\n\n\n<style>.wp-block-kadence-advancedheading.kt-adv-heading259_22974e-fc, .wp-block-kadence-advancedheading.kt-adv-heading259_22974e-fc[data-kb-block=\"kb-adv-heading259_22974e-fc\"]{text-align:center;font-style:normal;}.wp-block-kadence-advancedheading.kt-adv-heading259_22974e-fc mark.kt-highlight, .wp-block-kadence-advancedheading.kt-adv-heading259_22974e-fc[data-kb-block=\"kb-adv-heading259_22974e-fc\"] mark.kt-highlight{font-style:normal;color:#f76a0c;-webkit-box-decoration-break:clone;box-decoration-break:clone;padding-top:0px;padding-right:0px;padding-bottom:0px;padding-left:0px;}.wp-block-kadence-advancedheading.kt-adv-heading259_22974e-fc img.kb-inline-image, .wp-block-kadence-advancedheading.kt-adv-heading259_22974e-fc[data-kb-block=\"kb-adv-heading259_22974e-fc\"] img.kb-inline-image{width:150px;vertical-align:baseline;}<\/style>\n<h2 class=\"kt-adv-heading259_22974e-fc wp-block-kadence-advancedheading\" data-kb-block=\"kb-adv-heading259_22974e-fc\">N\u00faria Vera Rigo<\/h2>\n\n\n\n<p><em><em>\u201cNos avalan m\u00e1s de 20 a\u00f1os de experiencia en el \u00e1mbito de la intervenci\u00f3n psicol\u00f3gica con un extenso recorrido formativo. Somos m\u00e1ster en terapia familiar y en drogodependencias\u201d.<\/em><\/em><\/p>\n\n\n\n<ul class=\"wp-block-list\">\n<li>Licenciada en Psicolog\u00eda en 1991 por la Universidad de Barcelona. Especialidad Cl\u00ednica.<\/li>\n\n\n\n<li>Colegiada n.\u00ba 11003 por el Colegio Oficial de psic\u00f3logos de Catalu\u00f1a.<\/li>\n\n\n\n<li>M\u00e1ster en Terapia Familiar Sist\u00e9mica (2005-2009). Hospital de Sant Pau por la Universidad Aut\u00f3noma de Barcelona.<\/li>\n\n\n\n<li>M\u00e1ster en drogodependencias (1992-1994) por la Universidad de Barcelona.<\/li>\n\n\n\n<li>Ejerciendo desde 2009 como psicoterapeuta en la consulta privada. \u00c1reas de intervenci\u00f3n: ansiedad, depresi\u00f3n, problemas de pareja, duelos, fobias, trastornos de conducta. Terapia individual, familiar y de pareja.<\/li>\n\n\n\n<li>Ejerciendo desde 1999 como psicoterapeuta en el Servicio de Atenci\u00f3n Psicosocial de la Fundaci\u00f3n Salud y Comunidad con pacientes en r\u00e9gimen ambulatorio.<\/li>\n\n\n\n<li>Tratamiento de adicciones dentro del programa Riera Major y coordinaci\u00f3n con otros servicios de la Fundaci\u00f3n Salud y Comunidad.<\/li>\n\n\n\n<li>T\u00edtulo EuroPsy Specialist in Psychotherapy seg\u00fan EFPA (European federation of Psychologist associations. Licencia ES-PT006279-201304. A\u00f1o 2013.<\/li>\n\n\n\n<li>T\u00edtulo EuroPsy Psychologist seg\u00fan EFPA. Licencia SE-006.112 hasta 201.304. A\u00f1o 2013.<\/li>\n\n\n\n<li>Certificaci\u00f3n de Psic\u00f3loga Sanitaria seg\u00fan COPC. A\u00f1o 2013.<\/li>\n\n\n\n<li>Responsable de admisiones en Comunidad Terap\u00e9utica en la Fundaci\u00f3n Salud y Comunidad (2005-2007).<\/li>\n\n\n\n<li>Psicoterapeuta individual y grupal en la Comunidad Terap\u00e9utica Can Coll de la Fundaci\u00f3n Salud y Comunidad. (2000-2005).<\/li>\n\n\n\n<li>Educadora en la Comunidad Terap\u00e9utica Can Sol\u00e0 del Valle y al Piso Terap\u00e9utico para alcoh\u00f3licos y otras adicciones de la Fundaci\u00f3n Salud y Comunidad. (1997-2000).<\/li>\n\n\n\n<li>Proyecto de investigaci\u00f3n sobre las Relaciones paterno filiales en una familia con un hijo diagnosticado de TLP. A\u00f1o 2009.<\/li>\n\n\n\n<li>Docente en el M\u00e1ster de Drogodependencias de la Universidad de Barcelona. A\u00f1o 2001.<\/li>\n\n\n\n<li>Docente de Psicolog\u00eda en la Escuela de Estudios Universitarios INTUR de Granollers en la Diplomatura de Relaciones P\u00fablicas. (1998-1999).<\/li>\n\n\n\n<li>Publicaci\u00f3n del libro \u201cEnse\u00f1ar a ser responsable\u201d de la colecci\u00f3n \u201cTU HIJO\u201d de la Editorial Planeta -De Agostini. A\u00f1o 1995.<\/li>\n<\/ul>\n<\/div><\/div>\n\n<\/div><\/div>","protected":false},"excerpt":{"rendered":"<p>Eva Tel Colomines \u201cNuestra trayectoria profesional y nuestra formaci\u00f3n espec\u00edfica est\u00e1n ampliamente contrastadas. Somos m\u00e1ster en terapia familiar y en terapia cognitivo conductual\u201d. N\u00faria Vera Rigo \u201cNos avalan m\u00e1s de 20 a\u00f1os de experiencia en el \u00e1mbito de la intervenci\u00f3n psicol\u00f3gica con un extenso recorrido formativo. Somos m\u00e1ster en terapia familiar y en drogodependencias\u201d.<\/p>\n","protected":false},"author":1,"featured_media":0,"parent":0,"menu_order":0,"comment_status":"closed","ping_status":"closed","template":"","meta":{"_kad_post_transparent":"","_kad_post_title":"","_kad_post_layout":"","_kad_post_sidebar_id":"","_kad_post_content_style":"","_kad_post_vertical_padding":"","_kad_post_feature":"","_kad_post_feature_position":"","_kad_post_header":false,"_kad_post_footer":false,"_kad_post_classname":"","footnotes":""},"class_list":["post-259","page","type-page","status-publish","hentry"],"yoast_head":"<!-- This site is optimized with the Yoast SEO plugin v27.5 - https:\/\/yoast.com\/product\/yoast-seo-wordpress\/ -->\n<title>Experiencia Eva Tel y N\u00faria Vera<\/title>\n<meta name=\"description\" content=\"Ejerciendo desde 2013 como psicoterapeuta en consulta privada. \u00c1reas de intervenci\u00f3n: ansiedad, depresi\u00f3n, problemas de pareja, duelos, fobias, etc.\" \/>\n<meta name=\"robots\" content=\"index, follow, max-snippet:-1, max-image-preview:large, max-video-preview:-1\" \/>\n<link rel=\"canonical\" href=\"https:\/\/vinclespsicologia.cat\/es\/experiencia\/\" \/>\n<meta property=\"og:locale\" content=\"es_ES\" \/>\n<meta property=\"og:type\" content=\"article\" \/>\n<meta property=\"og:title\" content=\"Experiencia Eva Tel y N\u00faria Vera\" \/>\n<meta property=\"og:description\" content=\"Ejerciendo desde 2013 como psicoterapeuta en consulta privada. \u00c1reas de intervenci\u00f3n: ansiedad, depresi\u00f3n, problemas de pareja, duelos, fobias, etc.\" \/>\n<meta property=\"og:url\" content=\"https:\/\/vinclespsicologia.cat\/es\/experiencia\/\" \/>\n<meta property=\"og:site_name\" content=\"Vincles Psicologia\" \/>\n<meta property=\"article:modified_time\" content=\"2025-05-13T11:11:19+00:00\" \/>\n<meta property=\"og:image\" content=\"https:\/\/vinclespsicologia.cat\/wp-content\/uploads\/eva.jpg\" \/>\n\t<meta property=\"og:image:width\" content=\"440\" \/>\n\t<meta property=\"og:image:height\" content=\"441\" \/>\n\t<meta property=\"og:image:type\" content=\"image\/jpeg\" \/>\n<meta name=\"twitter:card\" content=\"summary_large_image\" \/>\n<meta name=\"twitter:label1\" content=\"Tiempo de lectura\" \/>\n\t<meta name=\"twitter:data1\" content=\"4 minutos\" \/>\n<script type=\"application\/ld+json\" class=\"yoast-schema-graph\">{\"@context\":\"https:\\\/\\\/schema.org\",\"@graph\":[{\"@type\":\"WebPage\",\"@id\":\"https:\\\/\\\/vinclespsicologia.cat\\\/es\\\/experiencia\\\/\",\"url\":\"https:\\\/\\\/vinclespsicologia.cat\\\/es\\\/experiencia\\\/\",\"name\":\"Experiencia Eva Tel y N\u00faria Vera\",\"isPartOf\":{\"@id\":\"https:\\\/\\\/vinclespsicologia.cat\\\/#website\"},\"primaryImageOfPage\":{\"@id\":\"https:\\\/\\\/vinclespsicologia.cat\\\/es\\\/experiencia\\\/#primaryimage\"},\"image\":{\"@id\":\"https:\\\/\\\/vinclespsicologia.cat\\\/es\\\/experiencia\\\/#primaryimage\"},\"thumbnailUrl\":\"https:\\\/\\\/vinclespsicologia.cat\\\/wp-content\\\/uploads\\\/eva-300x300.jpg\",\"datePublished\":\"2025-05-09T14:04:25+00:00\",\"dateModified\":\"2025-05-13T11:11:19+00:00\",\"description\":\"Ejerciendo desde 2013 como psicoterapeuta en consulta privada. \u00c1reas de intervenci\u00f3n: ansiedad, depresi\u00f3n, problemas de pareja, duelos, fobias, etc.\",\"breadcrumb\":{\"@id\":\"https:\\\/\\\/vinclespsicologia.cat\\\/es\\\/experiencia\\\/#breadcrumb\"},\"inLanguage\":\"es\",\"potentialAction\":[{\"@type\":\"ReadAction\",\"target\":[\"https:\\\/\\\/vinclespsicologia.cat\\\/es\\\/experiencia\\\/\"]}]},{\"@type\":\"ImageObject\",\"inLanguage\":\"es\",\"@id\":\"https:\\\/\\\/vinclespsicologia.cat\\\/es\\\/experiencia\\\/#primaryimage\",\"url\":\"https:\\\/\\\/vinclespsicologia.cat\\\/wp-content\\\/uploads\\\/eva-300x300.jpg\",\"contentUrl\":\"https:\\\/\\\/vinclespsicologia.cat\\\/wp-content\\\/uploads\\\/eva-300x300.jpg\"},{\"@type\":\"BreadcrumbList\",\"@id\":\"https:\\\/\\\/vinclespsicologia.cat\\\/es\\\/experiencia\\\/#breadcrumb\",\"itemListElement\":[{\"@type\":\"ListItem\",\"position\":1,\"name\":\"Inici\",\"item\":\"https:\\\/\\\/vinclespsicologia.cat\\\/es\\\/\"},{\"@type\":\"ListItem\",\"position\":2,\"name\":\"Experiencia\"}]},{\"@type\":\"WebSite\",\"@id\":\"https:\\\/\\\/vinclespsicologia.cat\\\/#website\",\"url\":\"https:\\\/\\\/vinclespsicologia.cat\\\/\",\"name\":\"Vincles Psicologia\",\"description\":\"Parlar de psicoter\u00e0pia \u00e9s parlar de Vincles\",\"publisher\":{\"@id\":\"https:\\\/\\\/vinclespsicologia.cat\\\/#organization\"},\"potentialAction\":[{\"@type\":\"SearchAction\",\"target\":{\"@type\":\"EntryPoint\",\"urlTemplate\":\"https:\\\/\\\/vinclespsicologia.cat\\\/?s={search_term_string}\"},\"query-input\":{\"@type\":\"PropertyValueSpecification\",\"valueRequired\":true,\"valueName\":\"search_term_string\"}}],\"inLanguage\":\"es\"},{\"@type\":\"Organization\",\"@id\":\"https:\\\/\\\/vinclespsicologia.cat\\\/#organization\",\"name\":\"Vincles Psicologia\",\"url\":\"https:\\\/\\\/vinclespsicologia.cat\\\/\",\"logo\":{\"@type\":\"ImageObject\",\"inLanguage\":\"es\",\"@id\":\"https:\\\/\\\/vinclespsicologia.cat\\\/#\\\/schema\\\/logo\\\/image\\\/\",\"url\":\"https:\\\/\\\/vinclespsicologia.cat\\\/wp-content\\\/uploads\\\/logo.jpg\",\"contentUrl\":\"https:\\\/\\\/vinclespsicologia.cat\\\/wp-content\\\/uploads\\\/logo.jpg\",\"width\":297,\"height\":130,\"caption\":\"Vincles Psicologia\"},\"image\":{\"@id\":\"https:\\\/\\\/vinclespsicologia.cat\\\/#\\\/schema\\\/logo\\\/image\\\/\"}}]}<\/script>\n<!-- \/ Yoast SEO plugin. -->","yoast_head_json":{"title":"Experiencia Eva Tel y N\u00faria Vera","description":"Ejerciendo desde 2013 como psicoterapeuta en consulta privada. \u00c1reas de intervenci\u00f3n: ansiedad, depresi\u00f3n, problemas de pareja, duelos, fobias, etc.","robots":{"index":"index","follow":"follow","max-snippet":"max-snippet:-1","max-image-preview":"max-image-preview:large","max-video-preview":"max-video-preview:-1"},"canonical":"https:\/\/vinclespsicologia.cat\/es\/experiencia\/","og_locale":"es_ES","og_type":"article","og_title":"Experiencia Eva Tel y N\u00faria Vera","og_description":"Ejerciendo desde 2013 como psicoterapeuta en consulta privada. \u00c1reas de intervenci\u00f3n: ansiedad, depresi\u00f3n, problemas de pareja, duelos, fobias, etc.","og_url":"https:\/\/vinclespsicologia.cat\/es\/experiencia\/","og_site_name":"Vincles Psicologia","article_modified_time":"2025-05-13T11:11:19+00:00","og_image":[{"width":440,"height":441,"url":"https:\/\/vinclespsicologia.cat\/wp-content\/uploads\/eva.jpg","type":"image\/jpeg"}],"twitter_card":"summary_large_image","twitter_misc":{"Tiempo de lectura":"4 minutos"},"schema":{"@context":"https:\/\/schema.org","@graph":[{"@type":"WebPage","@id":"https:\/\/vinclespsicologia.cat\/es\/experiencia\/","url":"https:\/\/vinclespsicologia.cat\/es\/experiencia\/","name":"Experiencia Eva Tel y N\u00faria Vera","isPartOf":{"@id":"https:\/\/vinclespsicologia.cat\/#website"},"primaryImageOfPage":{"@id":"https:\/\/vinclespsicologia.cat\/es\/experiencia\/#primaryimage"},"image":{"@id":"https:\/\/vinclespsicologia.cat\/es\/experiencia\/#primaryimage"},"thumbnailUrl":"https:\/\/vinclespsicologia.cat\/wp-content\/uploads\/eva-300x300.jpg","datePublished":"2025-05-09T14:04:25+00:00","dateModified":"2025-05-13T11:11:19+00:00","description":"Ejerciendo desde 2013 como psicoterapeuta en consulta privada. \u00c1reas de intervenci\u00f3n: ansiedad, depresi\u00f3n, problemas de pareja, duelos, fobias, etc.","breadcrumb":{"@id":"https:\/\/vinclespsicologia.cat\/es\/experiencia\/#breadcrumb"},"inLanguage":"es","potentialAction":[{"@type":"ReadAction","target":["https:\/\/vinclespsicologia.cat\/es\/experiencia\/"]}]},{"@type":"ImageObject","inLanguage":"es","@id":"https:\/\/vinclespsicologia.cat\/es\/experiencia\/#primaryimage","url":"https:\/\/vinclespsicologia.cat\/wp-content\/uploads\/eva-300x300.jpg","contentUrl":"https:\/\/vinclespsicologia.cat\/wp-content\/uploads\/eva-300x300.jpg"},{"@type":"BreadcrumbList","@id":"https:\/\/vinclespsicologia.cat\/es\/experiencia\/#breadcrumb","itemListElement":[{"@type":"ListItem","position":1,"name":"Inici","item":"https:\/\/vinclespsicologia.cat\/es\/"},{"@type":"ListItem","position":2,"name":"Experiencia"}]},{"@type":"WebSite","@id":"https:\/\/vinclespsicologia.cat\/#website","url":"https:\/\/vinclespsicologia.cat\/","name":"Vincles Psicologia","description":"Parlar de psicoter\u00e0pia \u00e9s parlar de Vincles","publisher":{"@id":"https:\/\/vinclespsicologia.cat\/#organization"},"potentialAction":[{"@type":"SearchAction","target":{"@type":"EntryPoint","urlTemplate":"https:\/\/vinclespsicologia.cat\/?s={search_term_string}"},"query-input":{"@type":"PropertyValueSpecification","valueRequired":true,"valueName":"search_term_string"}}],"inLanguage":"es"},{"@type":"Organization","@id":"https:\/\/vinclespsicologia.cat\/#organization","name":"Vincles Psicologia","url":"https:\/\/vinclespsicologia.cat\/","logo":{"@type":"ImageObject","inLanguage":"es","@id":"https:\/\/vinclespsicologia.cat\/#\/schema\/logo\/image\/","url":"https:\/\/vinclespsicologia.cat\/wp-content\/uploads\/logo.jpg","contentUrl":"https:\/\/vinclespsicologia.cat\/wp-content\/uploads\/logo.jpg","width":297,"height":130,"caption":"Vincles Psicologia"},"image":{"@id":"https:\/\/vinclespsicologia.cat\/#\/schema\/logo\/image\/"}}]}},"_links":{"self":[{"href":"https:\/\/vinclespsicologia.cat\/es\/wp-json\/wp\/v2\/pages\/259","targetHints":{"allow":["GET"]}}],"collection":[{"href":"https:\/\/vinclespsicologia.cat\/es\/wp-json\/wp\/v2\/pages"}],"about":[{"href":"https:\/\/vinclespsicologia.cat\/es\/wp-json\/wp\/v2\/types\/page"}],"author":[{"embeddable":true,"href":"https:\/\/vinclespsicologia.cat\/es\/wp-json\/wp\/v2\/users\/1"}],"replies":[{"embeddable":true,"href":"https:\/\/vinclespsicologia.cat\/es\/wp-json\/wp\/v2\/comments?post=259"}],"version-history":[{"count":0,"href":"https:\/\/vinclespsicologia.cat\/es\/wp-json\/wp\/v2\/pages\/259\/revisions"}],"wp:attachment":[{"href":"https:\/\/vinclespsicologia.cat\/es\/wp-json\/wp\/v2\/media?parent=259"}],"curies":[{"name":"wp","href":"https:\/\/api.w.org\/{rel}","templated":true}]}}