{"id":258,"date":"2025-05-09T16:05:20","date_gmt":"2025-05-09T14:05:20","guid":{"rendered":"https:\/\/vinclespsicologia.cat\/contacte\/"},"modified":"2025-05-12T13:05:31","modified_gmt":"2025-05-12T11:05:31","slug":"contacto","status":"publish","type":"page","link":"https:\/\/vinclespsicologia.cat\/es\/contacto\/","title":{"rendered":"Contacto"},"content":{"rendered":"<style>.kb-row-layout-id258_a37438-fe > .kt-row-column-wrap{align-content:start;}:where(.kb-row-layout-id258_a37438-fe > .kt-row-column-wrap) > .wp-block-kadence-column{justify-content:start;}.kb-row-layout-id258_a37438-fe > .kt-row-column-wrap{column-gap:var(--global-kb-gap-md, 2rem);row-gap:var(--global-kb-gap-md, 2rem);padding-top:var(--global-kb-spacing-sm, 1.5rem);padding-bottom:var(--global-kb-spacing-sm, 1.5rem);grid-template-columns:minmax(0, calc(35% - ((var(--global-kb-gap-md, 2rem) * 1 )\/2)))minmax(0, calc(65% - ((var(--global-kb-gap-md, 2rem) * 1 )\/2)));}.kb-row-layout-id258_a37438-fe > .kt-row-layout-overlay{opacity:0.30;}@media all and (max-width: 1024px){.kb-row-layout-id258_a37438-fe > .kt-row-column-wrap{grid-template-columns:repeat(2, minmax(0, 1fr));}}@media all and (max-width: 767px){.kb-row-layout-id258_a37438-fe > .kt-row-column-wrap{grid-template-columns:minmax(0, 1fr);}}<\/style><div class=\"kb-row-layout-wrap kb-row-layout-id258_a37438-fe alignnone wp-block-kadence-rowlayout\"><div class=\"kt-row-column-wrap kt-has-2-columns kt-row-layout-equal kt-tab-layout-inherit kt-mobile-layout-row kt-row-valign-top\">\n<style>.kadence-column258_704d80-17 > .kt-inside-inner-col,.kadence-column258_704d80-17 > .kt-inside-inner-col:before{border-top-left-radius:0px;border-top-right-radius:0px;border-bottom-right-radius:0px;border-bottom-left-radius:0px;}.kadence-column258_704d80-17 > .kt-inside-inner-col{column-gap:var(--global-kb-gap-sm, 1rem);}.kadence-column258_704d80-17 > .kt-inside-inner-col{flex-direction:column;}.kadence-column258_704d80-17 > .kt-inside-inner-col > .aligncenter{width:100%;}.kadence-column258_704d80-17 > .kt-inside-inner-col:before{opacity:0.3;}.kadence-column258_704d80-17{position:relative;}@media all and (max-width: 1024px){.kadence-column258_704d80-17 > .kt-inside-inner-col{flex-direction:column;justify-content:center;}}@media all and (max-width: 767px){.kadence-column258_704d80-17 > .kt-inside-inner-col{flex-direction:column;justify-content:center;}}<\/style>\n<div class=\"wp-block-kadence-column kadence-column258_704d80-17\"><div class=\"kt-inside-inner-col\"><style>.kt-svg-icons258_e9c6b2-ce .kt-svg-item-0 .kb-svg-icon-wrap{color:var(--global-palette4, #2D3748);font-size:50px;}.wp-block-kadence-icon.kt-svg-icons258_e9c6b2-ce{justify-content:center;}<\/style>\n<div class=\"wp-block-kadence-icon kt-svg-icons kt-svg-icons258_e9c6b2-ce alignnone\"><style>.kt-svg-item-258_06948d-51 .kb-svg-icon-wrap, .kt-svg-style-stacked.kt-svg-item-258_06948d-51 .kb-svg-icon-wrap{color:var(--global-palette9, #ffffff);font-size:180px;background:var(--global-palette1, #3182CE);border-width:0px;border-radius:50%;padding-top:var(--global-kb-spacing-lg, 3rem);padding-right:var(--global-kb-spacing-lg, 3rem);padding-bottom:var(--global-kb-spacing-lg, 3rem);padding-left:var(--global-kb-spacing-lg, 3rem);}.kt-svg-item-258_06948d-51:hover .kb-svg-icon-wrap{background:var(--global-palette1, #3182CE);}.kt-svg-item-258_06948d-51:hover .kb-svg-icon-wrap{color:var(--global-palette9, #ffffff);}<\/style>\n<div class=\"wp-block-kadence-single-icon kt-svg-style-stacked kt-svg-icon-wrap kt-svg-item-258_06948d-51\"><span class=\"kb-svg-icon-wrap kb-svg-icon-fas_envelope\"><svg viewBox=\"0 0 512 512\"  fill=\"currentColor\" xmlns=\"http:\/\/www.w3.org\/2000\/svg\"  aria-hidden=\"true\"><path d=\"M502.3 190.8c3.9-3.1 9.7-.2 9.7 4.7V400c0 26.5-21.5 48-48 48H48c-26.5 0-48-21.5-48-48V195.6c0-5 5.7-7.8 9.7-4.7 22.4 17.4 52.1 39.5 154.1 113.6 21.1 15.4 56.7 47.8 92.2 47.6 35.7.3 72-32.8 92.3-47.6 102-74.1 131.6-96.3 154-113.7zM256 320c23.2.4 56.6-29.2 73.4-41.4 132.7-96.3 142.8-104.7 173.4-128.7 5.8-4.5 9.2-11.5 9.2-18.9v-19c0-26.5-21.5-48-48-48H48C21.5 64 0 85.5 0 112v19c0 7.4 3.4 14.3 9.2 18.9 30.6 23.9 40.7 32.4 173.4 128.7 16.8 12.2 50.2 41.8 73.4 41.4z\"\/><\/svg><\/span><\/div>\n<\/div>\n<\/div><\/div>\n\n\n<style>.kadence-column258_4f59f0-58 > .kt-inside-inner-col,.kadence-column258_4f59f0-58 > .kt-inside-inner-col:before{border-top-left-radius:0px;border-top-right-radius:0px;border-bottom-right-radius:0px;border-bottom-left-radius:0px;}.kadence-column258_4f59f0-58 > .kt-inside-inner-col{column-gap:var(--global-kb-gap-sm, 1rem);}.kadence-column258_4f59f0-58 > .kt-inside-inner-col{flex-direction:column;}.kadence-column258_4f59f0-58 > .kt-inside-inner-col > .aligncenter{width:100%;}.kadence-column258_4f59f0-58 > .kt-inside-inner-col:before{opacity:0.3;}.kadence-column258_4f59f0-58{position:relative;}@media all and (max-width: 1024px){.kadence-column258_4f59f0-58 > .kt-inside-inner-col{flex-direction:column;justify-content:center;}}@media all and (max-width: 767px){.kadence-column258_4f59f0-58 > .kt-inside-inner-col{flex-direction:column;justify-content:center;}}<\/style>\n<div class=\"wp-block-kadence-column kadence-column258_4f59f0-58\"><div class=\"kt-inside-inner-col\"><style>.wp-block-kadence-advancedheading.kt-adv-heading258_6dc087-6e, .wp-block-kadence-advancedheading.kt-adv-heading258_6dc087-6e[data-kb-block=\"kb-adv-heading258_6dc087-6e\"]{font-style:normal;}.wp-block-kadence-advancedheading.kt-adv-heading258_6dc087-6e mark.kt-highlight, .wp-block-kadence-advancedheading.kt-adv-heading258_6dc087-6e[data-kb-block=\"kb-adv-heading258_6dc087-6e\"] mark.kt-highlight{font-style:normal;color:#f76a0c;-webkit-box-decoration-break:clone;box-decoration-break:clone;padding-top:0px;padding-right:0px;padding-bottom:0px;padding-left:0px;}.wp-block-kadence-advancedheading.kt-adv-heading258_6dc087-6e img.kb-inline-image, .wp-block-kadence-advancedheading.kt-adv-heading258_6dc087-6e[data-kb-block=\"kb-adv-heading258_6dc087-6e\"] img.kb-inline-image{width:150px;vertical-align:baseline;}<\/style>\n<h2 class=\"kt-adv-heading258_6dc087-6e wp-block-kadence-advancedheading\" data-kb-block=\"kb-adv-heading258_6dc087-6e\">Consulta<\/h2>\n\n\n<style>.wp-block-kadence-advancedheading.kt-adv-heading258_38b4f5-c9, .wp-block-kadence-advancedheading.kt-adv-heading258_38b4f5-c9[data-kb-block=\"kb-adv-heading258_38b4f5-c9\"]{margin-bottom:0px;font-style:normal;}.wp-block-kadence-advancedheading.kt-adv-heading258_38b4f5-c9[data-kb-block=\"kb-adv-heading258_38b4f5-c9\"]{display:flex;gap:0.25em;align-items:baseline;}.wp-block-kadence-advancedheading.kt-adv-heading258_38b4f5-c9[data-kb-block=\"kb-adv-heading258_38b4f5-c9\"] .kb-adv-heading-icon svg{width:1em;height:1em;}.wp-block-kadence-advancedheading.kt-adv-heading258_38b4f5-c9 mark.kt-highlight, .wp-block-kadence-advancedheading.kt-adv-heading258_38b4f5-c9[data-kb-block=\"kb-adv-heading258_38b4f5-c9\"] mark.kt-highlight{font-style:normal;color:#f76a0c;-webkit-box-decoration-break:clone;box-decoration-break:clone;padding-top:0px;padding-right:0px;padding-bottom:0px;padding-left:0px;}.wp-block-kadence-advancedheading.kt-adv-heading258_38b4f5-c9 img.kb-inline-image, .wp-block-kadence-advancedheading.kt-adv-heading258_38b4f5-c9[data-kb-block=\"kb-adv-heading258_38b4f5-c9\"] img.kb-inline-image{width:150px;vertical-align:baseline;}<\/style><p class=\"kt-adv-heading258_38b4f5-c9 wp-block-kadence-advancedheading kt-adv-heading-has-icon\" data-kb-block=\"kb-adv-heading258_38b4f5-c9\"><span class=\"kb-svg-icon-wrap kb-adv-heading-icon kb-svg-icon-fe_home kb-adv-heading-icon-side-left\"><svg viewBox=\"0 0 24 24\"  fill=\"none\" stroke=\"currentColor\" stroke-width=\"2\" stroke-linecap=\"round\" stroke-linejoin=\"round\" xmlns=\"http:\/\/www.w3.org\/2000\/svg\"  aria-hidden=\"true\"><path d=\"M3 9l9-7 9 7v11a2 2 0 0 1-2 2H5a2 2 0 0 1-2-2z\"\/><polyline points=\"9 22 9 12 15 12 15 22\"\/><\/svg><\/span><span class=\"kb-adv-text-inner\"><em>C\/Villarroel 200, 1\u00ba 2\u00aa<\/em><br><em>Barcelona 08036<\/em><\/span><\/p>\n\n<style>.wp-block-kadence-advancedheading.kt-adv-heading258_457715-70, .wp-block-kadence-advancedheading.kt-adv-heading258_457715-70[data-kb-block=\"kb-adv-heading258_457715-70\"]{padding-top:0px;margin-bottom:0px;font-style:normal;}.wp-block-kadence-advancedheading.kt-adv-heading258_457715-70[data-kb-block=\"kb-adv-heading258_457715-70\"]{display:flex;gap:0.25em;align-items:baseline;}.wp-block-kadence-advancedheading.kt-adv-heading258_457715-70[data-kb-block=\"kb-adv-heading258_457715-70\"] .kb-adv-heading-icon svg{width:1em;height:1em;}.wp-block-kadence-advancedheading.kt-adv-heading258_457715-70 mark.kt-highlight, .wp-block-kadence-advancedheading.kt-adv-heading258_457715-70[data-kb-block=\"kb-adv-heading258_457715-70\"] mark.kt-highlight{font-style:normal;color:#f76a0c;-webkit-box-decoration-break:clone;box-decoration-break:clone;padding-top:0px;padding-right:0px;padding-bottom:0px;padding-left:0px;}.wp-block-kadence-advancedheading.kt-adv-heading258_457715-70 img.kb-inline-image, .wp-block-kadence-advancedheading.kt-adv-heading258_457715-70[data-kb-block=\"kb-adv-heading258_457715-70\"] img.kb-inline-image{width:150px;vertical-align:baseline;}<\/style><p class=\"kt-adv-heading258_457715-70 wp-block-kadence-advancedheading kt-adv-heading-has-icon\" data-kb-block=\"kb-adv-heading258_457715-70\"><span class=\"kb-svg-icon-wrap kb-adv-heading-icon kb-svg-icon-fe_phone kb-adv-heading-icon-side-left\"><svg viewBox=\"0 0 24 24\"  fill=\"none\" stroke=\"currentColor\" stroke-width=\"2\" stroke-linecap=\"round\" stroke-linejoin=\"round\" xmlns=\"http:\/\/www.w3.org\/2000\/svg\"  aria-hidden=\"true\"><path d=\"M22 16.92v3a2 2 0 0 1-2.18 2 19.79 19.79 0 0 1-8.63-3.07 19.5 19.5 0 0 1-6-6 19.79 19.79 0 0 1-3.07-8.67A2 2 0 0 1 4.11 2h3a2 2 0 0 1 2 1.72 12.84 12.84 0 0 0 .7 2.81 2 2 0 0 1-.45 2.11L8.09 9.91a16 16 0 0 0 6 6l1.27-1.27a2 2 0 0 1 2.11-.45 12.84 12.84 0 0 0 2.81.7A2 2 0 0 1 22 16.92z\"\/><\/svg><\/span><span class=\"kb-adv-text-inner\">&nbsp;695 59 55 97 \/ 675 52 43 03<\/span><\/p>\n\n<style>.wp-block-kadence-advancedheading.kt-adv-heading258_a6d82a-ff, .wp-block-kadence-advancedheading.kt-adv-heading258_a6d82a-ff[data-kb-block=\"kb-adv-heading258_a6d82a-ff\"]{margin-top:0px;font-style:normal;}.wp-block-kadence-advancedheading.kt-adv-heading258_a6d82a-ff[data-kb-block=\"kb-adv-heading258_a6d82a-ff\"]{display:flex;gap:0.25em;align-items:center;}.wp-block-kadence-advancedheading.kt-adv-heading258_a6d82a-ff[data-kb-block=\"kb-adv-heading258_a6d82a-ff\"] .kb-adv-heading-icon svg{width:1em;height:1em;}.wp-block-kadence-advancedheading.kt-adv-heading258_a6d82a-ff mark.kt-highlight, .wp-block-kadence-advancedheading.kt-adv-heading258_a6d82a-ff[data-kb-block=\"kb-adv-heading258_a6d82a-ff\"] mark.kt-highlight{font-style:normal;color:#f76a0c;-webkit-box-decoration-break:clone;box-decoration-break:clone;padding-top:0px;padding-right:0px;padding-bottom:0px;padding-left:0px;}.wp-block-kadence-advancedheading.kt-adv-heading258_a6d82a-ff img.kb-inline-image, .wp-block-kadence-advancedheading.kt-adv-heading258_a6d82a-ff[data-kb-block=\"kb-adv-heading258_a6d82a-ff\"] img.kb-inline-image{width:150px;vertical-align:baseline;}<\/style><p class=\"kt-adv-heading258_a6d82a-ff wp-block-kadence-advancedheading kt-adv-heading-has-icon\" data-kb-block=\"kb-adv-heading258_a6d82a-ff\"><span class=\"kb-svg-icon-wrap kb-adv-heading-icon kb-svg-icon-fe_mail kb-adv-heading-icon-side-left\"><svg viewBox=\"0 0 24 24\"  fill=\"none\" stroke=\"currentColor\" stroke-width=\"2\" stroke-linecap=\"round\" stroke-linejoin=\"round\" xmlns=\"http:\/\/www.w3.org\/2000\/svg\"  aria-hidden=\"true\"><path d=\"M4 4h16c1.1 0 2 .9 2 2v12c0 1.1-.9 2-2 2H4c-1.1 0-2-.9-2-2V6c0-1.1.9-2 2-2z\"\/><polyline points=\"22,6 12,13 2,6\"\/><\/svg><\/span><span class=\"kb-adv-text-inner\">&nbsp;info@vinclespsicologia.cat<\/span><\/p>\n\n\n<p>Rellena este formulario y nos pondremos en contacto contigo en seguida. Gracias.<\/p>\n\n\n\n<div class=\"wp-block-contact-form-7-contact-form-selector\">\n<div class=\"wpcf7 no-js\" id=\"wpcf7-f446-o1\" lang=\"ca\" dir=\"ltr\" data-wpcf7-id=\"446\">\n<div class=\"screen-reader-response\"><p role=\"status\" aria-live=\"polite\" aria-atomic=\"true\"><\/p> <ul><\/ul><\/div>\n<form action=\"\/es\/wp-json\/wp\/v2\/pages\/258#wpcf7-f446-o1\" method=\"post\" class=\"wpcf7-form init\" aria-label=\"Formulari de contacte\" novalidate=\"novalidate\" data-status=\"init\">\n<fieldset class=\"hidden-fields-container\"><input type=\"hidden\" name=\"_wpcf7\" value=\"446\" \/><input type=\"hidden\" name=\"_wpcf7_version\" value=\"6.1.5\" \/><input type=\"hidden\" name=\"_wpcf7_locale\" value=\"ca\" \/><input type=\"hidden\" name=\"_wpcf7_unit_tag\" value=\"wpcf7-f446-o1\" \/><input type=\"hidden\" name=\"_wpcf7_container_post\" value=\"0\" \/><input type=\"hidden\" name=\"_wpcf7_posted_data_hash\" value=\"\" \/>\n<\/fieldset>\n<div class=\"wpcf7-turnstile cf-turnstile\" data-sitekey=\"0x4AAAAAAB4U-Azn60jZHTIDlbGmgNModFk\" data-response-field-name=\"_wpcf7_turnstile_response\"><\/div>\n\n<p><label> Mensaje<br \/>\n<span class=\"wpcf7-form-control-wrap\" data-name=\"your-message\"><textarea cols=\"40\" rows=\"10\" maxlength=\"2000\" class=\"wpcf7-form-control wpcf7-textarea\" aria-invalid=\"false\" name=\"your-message\"><\/textarea><\/span> <\/label>\n<\/p>\n<p><label> Nombre<br \/>\n<span class=\"wpcf7-form-control-wrap\" data-name=\"your-name\"><input size=\"40\" maxlength=\"400\" class=\"wpcf7-form-control wpcf7-text wpcf7-validates-as-required\" autocomplete=\"name\" aria-required=\"true\" aria-invalid=\"false\" value=\"\" type=\"text\" name=\"your-name\" \/><\/span> <\/label>\n<\/p>\n<p><label> Mail<br \/>\n<span class=\"wpcf7-form-control-wrap\" data-name=\"your-email\"><input size=\"40\" maxlength=\"400\" class=\"wpcf7-form-control wpcf7-email wpcf7-validates-as-required wpcf7-text wpcf7-validates-as-email\" autocomplete=\"email\" aria-required=\"true\" aria-invalid=\"false\" value=\"\" type=\"email\" name=\"your-email\" \/><\/span> <\/label><br \/>\n<small>Finalidades: Responder a sus solicitudes y remitirle informaci\u00f3n comercial de nuestros productos y servicios, incluso por correo electr\u00f3nico. Legitimaci\u00f3n: Consentimiento del interesado. Destinatarios: No est\u00e1n previstas cesiones de datos. Derechos: Puede retirar su consentimiento en cualquier momento, as\u00ed como acceder, rectificar, suprimir sus datos y otros derechos en info@vinclespsicologia.cat. Informaci\u00f3n Adicional: Puede ampliar la informaci\u00f3n en el enlace de Avisos Legales.<\/small>\n<\/p>\n<p><input class=\"wpcf7-form-control wpcf7-submit has-spinner\" type=\"submit\" value=\"Enviar\" \/>\n<\/p><p style=\"display: none !important;\" class=\"akismet-fields-container\" data-prefix=\"_wpcf7_ak_\"><label>&#916;<textarea name=\"_wpcf7_ak_hp_textarea\" cols=\"45\" rows=\"8\" maxlength=\"100\"><\/textarea><\/label><input type=\"hidden\" id=\"ak_js_1\" name=\"_wpcf7_ak_js\" value=\"200\"\/><script>document.getElementById( \"ak_js_1\" ).setAttribute( \"value\", ( new Date() ).getTime() );<\/script><\/p><div class=\"wpcf7-response-output\" aria-hidden=\"true\"><\/div>\n<\/form>\n<\/div>\n<\/div>\n<\/div><\/div>\n\n<\/div><\/div>\n\n<style>.kb-row-layout-id258_4b7926-18 > .kt-row-column-wrap{align-content:start;}:where(.kb-row-layout-id258_4b7926-18 > .kt-row-column-wrap) > .wp-block-kadence-column{justify-content:start;}.kb-row-layout-id258_4b7926-18 > .kt-row-column-wrap{column-gap:var(--global-kb-gap-md, 2rem);row-gap:var(--global-kb-gap-md, 2rem);padding-top:var(--global-kb-spacing-sm, 1.5rem);padding-bottom:var(--global-kb-spacing-sm, 1.5rem);grid-template-columns:minmax(0, 1fr);}.kb-row-layout-id258_4b7926-18 > .kt-row-layout-overlay{opacity:0.30;}@media all and (max-width: 1024px){.kb-row-layout-id258_4b7926-18 > .kt-row-column-wrap{grid-template-columns:minmax(0, 1fr);}}@media all and (max-width: 767px){.kb-row-layout-id258_4b7926-18 > .kt-row-column-wrap{grid-template-columns:minmax(0, 1fr);}}<\/style><div class=\"kb-row-layout-wrap kb-row-layout-id258_4b7926-18 alignfull wp-block-kadence-rowlayout\"><div class=\"kt-row-column-wrap kt-has-1-columns kt-row-layout-equal kt-tab-layout-inherit kt-mobile-layout-row kt-row-valign-top\">\n<style>.kadence-column258_062a0b-40 > .kt-inside-inner-col,.kadence-column258_062a0b-40 > .kt-inside-inner-col:before{border-top-left-radius:0px;border-top-right-radius:0px;border-bottom-right-radius:0px;border-bottom-left-radius:0px;}.kadence-column258_062a0b-40 > .kt-inside-inner-col{column-gap:var(--global-kb-gap-sm, 1rem);}.kadence-column258_062a0b-40 > .kt-inside-inner-col{flex-direction:column;}.kadence-column258_062a0b-40 > .kt-inside-inner-col > .aligncenter{width:100%;}.kadence-column258_062a0b-40 > .kt-inside-inner-col:before{opacity:0.3;}.kadence-column258_062a0b-40{position:relative;}@media all and (max-width: 1024px){.kadence-column258_062a0b-40 > .kt-inside-inner-col{flex-direction:column;justify-content:center;}}@media all and (max-width: 767px){.kadence-column258_062a0b-40 > .kt-inside-inner-col{flex-direction:column;justify-content:center;}}<\/style>\n<div class=\"wp-block-kadence-column kadence-column258_062a0b-40\"><div class=\"kt-inside-inner-col\">\n<iframe src=\"https:\/\/www.google.com\/maps\/embed?pb=!1m14!1m8!1m3!1d5986.453107349562!2d2.1427200211181607!3d41.39088606496234!3m2!1i1024!2i768!4f13.1!3m3!1m2!1s0x12a4a29cae6a38ff%3A0xaded78412dd59ef4!2sC.%20de%20Villarroel%2C%20200%2C%20Eixample%2C%2008036%20Barcelona!5e0!3m2!1ses!2ses!4v1746881966754!5m2!1ses!2ses\" width=\"100%\" height=\"450\" style=\"border:0;\" allowfullscreen=\"\" loading=\"lazy\" referrerpolicy=\"no-referrer-when-downgrade\"><\/iframe>\n<\/div><\/div>\n\n<\/div><\/div>","protected":false},"excerpt":{"rendered":"<p>Consulta C\/Villarroel 200, 1\u00ba 2\u00aaBarcelona 08036 &nbsp;695 59 55 97 \/ 675 52 43 03 &nbsp;info@vinclespsicologia.cat Rellena este formulario y nos pondremos en contacto contigo en seguida. Gracias.<\/p>\n","protected":false},"author":1,"featured_media":0,"parent":0,"menu_order":0,"comment_status":"closed","ping_status":"closed","template":"","meta":{"_kad_post_transparent":"","_kad_post_title":"","_kad_post_layout":"","_kad_post_sidebar_id":"","_kad_post_content_style":"","_kad_post_vertical_padding":"","_kad_post_feature":"","_kad_post_feature_position":"","_kad_post_header":false,"_kad_post_footer":false,"_kad_post_classname":"","footnotes":""},"class_list":["post-258","page","type-page","status-publish","hentry"],"yoast_head":"<!-- This site is optimized with the Yoast SEO plugin v27.4 - https:\/\/yoast.com\/product\/yoast-seo-wordpress\/ -->\n<title>Contacto Vincles<\/title>\n<meta name=\"description\" content=\"Vincles Psicolog\u00eda: Carrer Diputaci\u00f3, 183- 185, Entlo. 5a, 08011 Barcelona 695 59 55 97 \/ 675 52 43 03 info@vinclespsicologia.cat.\" \/>\n<meta name=\"robots\" content=\"index, follow, max-snippet:-1, max-image-preview:large, max-video-preview:-1\" \/>\n<link rel=\"canonical\" href=\"https:\/\/vinclespsicologia.cat\/contacte\/\" \/>\n<meta property=\"og:locale\" content=\"es_ES\" \/>\n<meta property=\"og:type\" content=\"article\" \/>\n<meta property=\"og:title\" content=\"Contacto Vincles\" \/>\n<meta property=\"og:description\" content=\"Vincles Psicolog\u00eda: Carrer Diputaci\u00f3, 183- 185, Entlo. 5a, 08011 Barcelona 695 59 55 97 \/ 675 52 43 03 info@vinclespsicologia.cat.\" \/>\n<meta property=\"og:url\" content=\"https:\/\/vinclespsicologia.cat\/contacte\/\" \/>\n<meta property=\"og:site_name\" content=\"Vincles Psicologia\" \/>\n<meta property=\"article:modified_time\" content=\"2025-05-12T11:05:31+00:00\" \/>\n<meta name=\"twitter:card\" content=\"summary_large_image\" \/>\n<script type=\"application\/ld+json\" class=\"yoast-schema-graph\">{\"@context\":\"https:\\\/\\\/schema.org\",\"@graph\":[{\"@type\":\"WebPage\",\"@id\":\"https:\\\/\\\/vinclespsicologia.cat\\\/contacte\\\/\",\"url\":\"https:\\\/\\\/vinclespsicologia.cat\\\/contacte\\\/\",\"name\":\"Contacto Vincles\",\"isPartOf\":{\"@id\":\"https:\\\/\\\/vinclespsicologia.cat\\\/#website\"},\"datePublished\":\"2025-05-09T14:05:20+00:00\",\"dateModified\":\"2025-05-12T11:05:31+00:00\",\"description\":\"Vincles Psicolog\u00eda: Carrer Diputaci\u00f3, 183- 185, Entlo. 5a, 08011 Barcelona 695 59 55 97 \\\/ 675 52 43 03 info@vinclespsicologia.cat.\",\"breadcrumb\":{\"@id\":\"https:\\\/\\\/vinclespsicologia.cat\\\/contacte\\\/#breadcrumb\"},\"inLanguage\":\"es\",\"potentialAction\":[{\"@type\":\"ReadAction\",\"target\":[\"https:\\\/\\\/vinclespsicologia.cat\\\/contacte\\\/\"]}]},{\"@type\":\"BreadcrumbList\",\"@id\":\"https:\\\/\\\/vinclespsicologia.cat\\\/contacte\\\/#breadcrumb\",\"itemListElement\":[{\"@type\":\"ListItem\",\"position\":1,\"name\":\"Inici\",\"item\":\"https:\\\/\\\/vinclespsicologia.cat\\\/es\\\/\"},{\"@type\":\"ListItem\",\"position\":2,\"name\":\"Contacto\"}]},{\"@type\":\"WebSite\",\"@id\":\"https:\\\/\\\/vinclespsicologia.cat\\\/#website\",\"url\":\"https:\\\/\\\/vinclespsicologia.cat\\\/\",\"name\":\"Vincles Psicologia\",\"description\":\"Parlar de psicoter\u00e0pia \u00e9s parlar de Vincles\",\"publisher\":{\"@id\":\"https:\\\/\\\/vinclespsicologia.cat\\\/#organization\"},\"potentialAction\":[{\"@type\":\"SearchAction\",\"target\":{\"@type\":\"EntryPoint\",\"urlTemplate\":\"https:\\\/\\\/vinclespsicologia.cat\\\/?s={search_term_string}\"},\"query-input\":{\"@type\":\"PropertyValueSpecification\",\"valueRequired\":true,\"valueName\":\"search_term_string\"}}],\"inLanguage\":\"es\"},{\"@type\":\"Organization\",\"@id\":\"https:\\\/\\\/vinclespsicologia.cat\\\/#organization\",\"name\":\"Vincles Psicologia\",\"url\":\"https:\\\/\\\/vinclespsicologia.cat\\\/\",\"logo\":{\"@type\":\"ImageObject\",\"inLanguage\":\"es\",\"@id\":\"https:\\\/\\\/vinclespsicologia.cat\\\/#\\\/schema\\\/logo\\\/image\\\/\",\"url\":\"https:\\\/\\\/vinclespsicologia.cat\\\/wp-content\\\/uploads\\\/logo.jpg\",\"contentUrl\":\"https:\\\/\\\/vinclespsicologia.cat\\\/wp-content\\\/uploads\\\/logo.jpg\",\"width\":297,\"height\":130,\"caption\":\"Vincles Psicologia\"},\"image\":{\"@id\":\"https:\\\/\\\/vinclespsicologia.cat\\\/#\\\/schema\\\/logo\\\/image\\\/\"}}]}<\/script>\n<!-- \/ Yoast SEO plugin. -->","yoast_head_json":{"title":"Contacto Vincles","description":"Vincles Psicolog\u00eda: Carrer Diputaci\u00f3, 183- 185, Entlo. 5a, 08011 Barcelona 695 59 55 97 \/ 675 52 43 03 info@vinclespsicologia.cat.","robots":{"index":"index","follow":"follow","max-snippet":"max-snippet:-1","max-image-preview":"max-image-preview:large","max-video-preview":"max-video-preview:-1"},"canonical":"https:\/\/vinclespsicologia.cat\/contacte\/","og_locale":"es_ES","og_type":"article","og_title":"Contacto Vincles","og_description":"Vincles Psicolog\u00eda: Carrer Diputaci\u00f3, 183- 185, Entlo. 5a, 08011 Barcelona 695 59 55 97 \/ 675 52 43 03 info@vinclespsicologia.cat.","og_url":"https:\/\/vinclespsicologia.cat\/contacte\/","og_site_name":"Vincles Psicologia","article_modified_time":"2025-05-12T11:05:31+00:00","twitter_card":"summary_large_image","schema":{"@context":"https:\/\/schema.org","@graph":[{"@type":"WebPage","@id":"https:\/\/vinclespsicologia.cat\/contacte\/","url":"https:\/\/vinclespsicologia.cat\/contacte\/","name":"Contacto Vincles","isPartOf":{"@id":"https:\/\/vinclespsicologia.cat\/#website"},"datePublished":"2025-05-09T14:05:20+00:00","dateModified":"2025-05-12T11:05:31+00:00","description":"Vincles Psicolog\u00eda: Carrer Diputaci\u00f3, 183- 185, Entlo. 5a, 08011 Barcelona 695 59 55 97 \/ 675 52 43 03 info@vinclespsicologia.cat.","breadcrumb":{"@id":"https:\/\/vinclespsicologia.cat\/contacte\/#breadcrumb"},"inLanguage":"es","potentialAction":[{"@type":"ReadAction","target":["https:\/\/vinclespsicologia.cat\/contacte\/"]}]},{"@type":"BreadcrumbList","@id":"https:\/\/vinclespsicologia.cat\/contacte\/#breadcrumb","itemListElement":[{"@type":"ListItem","position":1,"name":"Inici","item":"https:\/\/vinclespsicologia.cat\/es\/"},{"@type":"ListItem","position":2,"name":"Contacto"}]},{"@type":"WebSite","@id":"https:\/\/vinclespsicologia.cat\/#website","url":"https:\/\/vinclespsicologia.cat\/","name":"Vincles Psicologia","description":"Parlar de psicoter\u00e0pia \u00e9s parlar de Vincles","publisher":{"@id":"https:\/\/vinclespsicologia.cat\/#organization"},"potentialAction":[{"@type":"SearchAction","target":{"@type":"EntryPoint","urlTemplate":"https:\/\/vinclespsicologia.cat\/?s={search_term_string}"},"query-input":{"@type":"PropertyValueSpecification","valueRequired":true,"valueName":"search_term_string"}}],"inLanguage":"es"},{"@type":"Organization","@id":"https:\/\/vinclespsicologia.cat\/#organization","name":"Vincles Psicologia","url":"https:\/\/vinclespsicologia.cat\/","logo":{"@type":"ImageObject","inLanguage":"es","@id":"https:\/\/vinclespsicologia.cat\/#\/schema\/logo\/image\/","url":"https:\/\/vinclespsicologia.cat\/wp-content\/uploads\/logo.jpg","contentUrl":"https:\/\/vinclespsicologia.cat\/wp-content\/uploads\/logo.jpg","width":297,"height":130,"caption":"Vincles Psicologia"},"image":{"@id":"https:\/\/vinclespsicologia.cat\/#\/schema\/logo\/image\/"}}]}},"_links":{"self":[{"href":"https:\/\/vinclespsicologia.cat\/es\/wp-json\/wp\/v2\/pages\/258","targetHints":{"allow":["GET"]}}],"collection":[{"href":"https:\/\/vinclespsicologia.cat\/es\/wp-json\/wp\/v2\/pages"}],"about":[{"href":"https:\/\/vinclespsicologia.cat\/es\/wp-json\/wp\/v2\/types\/page"}],"author":[{"embeddable":true,"href":"https:\/\/vinclespsicologia.cat\/es\/wp-json\/wp\/v2\/users\/1"}],"replies":[{"embeddable":true,"href":"https:\/\/vinclespsicologia.cat\/es\/wp-json\/wp\/v2\/comments?post=258"}],"version-history":[{"count":0,"href":"https:\/\/vinclespsicologia.cat\/es\/wp-json\/wp\/v2\/pages\/258\/revisions"}],"wp:attachment":[{"href":"https:\/\/vinclespsicologia.cat\/es\/wp-json\/wp\/v2\/media?parent=258"}],"curies":[{"name":"wp","href":"https:\/\/api.w.org\/{rel}","templated":true}]}}